{"id":9939,"date":"2023-06-14T12:10:42","date_gmt":"2023-06-14T03:10:42","guid":{"rendered":"https:\/\/togiya.jp\/ueber-togiya-japan\/"},"modified":"2023-11-23T18:29:31","modified_gmt":"2023-11-23T09:29:31","slug":"ueber-togiya-japan","status":"publish","type":"page","link":"https:\/\/togiya.jp\/de\/ueber-togiya-japan\/","title":{"rendered":"\u00fcber"},"content":{"rendered":"\n<div class=\"wp-block-cover is-light\"><span aria-hidden=\"true\" class=\"wp-block-cover__background has-background-dim\"><\/span><img data-recalc-dims=\"1\" loading=\"lazy\" decoding=\"async\" width=\"600\" height=\"247\" class=\"wp-block-cover__image-background wp-image-8928\" alt=\"\" src=\"https:\/\/i0.wp.com\/togiya.jp\/wp-content\/uploads\/2022\/01\/%E7%8A%AC%E5%B1%B1%E5%9F%8E-e1682588408837.jpeg?resize=600%2C247&#038;ssl=1\" data-object-fit=\"cover\" srcset=\"https:\/\/i0.wp.com\/togiya.jp\/wp-content\/uploads\/2022\/01\/%E7%8A%AC%E5%B1%B1%E5%9F%8E-e1682588408837.jpeg?w=600&amp;ssl=1 600w, https:\/\/i0.wp.com\/togiya.jp\/wp-content\/uploads\/2022\/01\/%E7%8A%AC%E5%B1%B1%E5%9F%8E-e1682588408837.jpeg?resize=300%2C124&amp;ssl=1 300w\" sizes=\"auto, (max-width: 600px) 100vw, 600px\" \/><div class=\"wp-block-cover__inner-container is-layout-constrained wp-block-cover-is-layout-constrained\">\n<p class=\"has-text-align-left has-white-color has-text-color has-large-font-size\">Zeitlos&#8230;<\/p>\n\n\n\n<p class=\"has-text-align-left has-white-color has-text-color has-medium-font-size\">Traditionelle japanische Technologie<\/p>\n\n\n\n<p class=\"has-white-color has-text-color\">Mit hoher Qualit\u00e4t, Eleganz und Kreativit\u00e4t im Sinne des &#8222;Made in Japan&#8220;.<\/p>\n\n\n\n<p><\/p>\n\n\n\n<div style=\"height:84px\" aria-hidden=\"true\" class=\"wp-block-spacer\"><\/div>\n\n\n\n<div class=\"wp-block-columns is-layout-flex wp-container-core-columns-is-layout-9d6595d7 wp-block-columns-is-layout-flex\">\n<div class=\"wp-block-column is-layout-flow wp-block-column-is-layout-flow\">\n<div class=\"wp-block-buttons is-content-justification-center is-nowrap is-layout-flex wp-container-core-buttons-is-layout-1fb9aab6 wp-block-buttons-is-layout-flex\">\n<div class=\"wp-block-button has-custom-font-size is-style-outline has-medium-font-size is-style-outline--1\"><a class=\"wp-block-button__link has-pale-cyan-blue-color has-text-color has-text-align-center wp-element-button\" href=\"#history\" style=\"border-radius:0px\">GESCHICHTE<\/a><\/div>\n<\/div>\n<\/div>\n\n\n\n<div class=\"wp-block-column is-style-outline has-white-color has-text-color has-small-font-size is-layout-flow wp-block-column-is-layout-flow\" style=\"border-radius:0px\">\n<div class=\"wp-block-buttons is-content-justification-center is-layout-flex wp-container-core-buttons-is-layout-16018d1d wp-block-buttons-is-layout-flex\">\n<div class=\"wp-block-button has-custom-font-size is-style-outline has-medium-font-size is-style-outline--2\"><a class=\"wp-block-button__link has-pale-cyan-blue-color has-text-color wp-element-button\" href=\"#summary\" style=\"border-radius:0px\">ZUSAMMENFASSUNG<\/a><\/div>\n<\/div>\n<\/div>\n\n\n\n<div class=\"wp-block-column is-layout-flow wp-block-column-is-layout-flow\">\n<div class=\"wp-block-buttons is-content-justification-center is-layout-flex wp-container-core-buttons-is-layout-16018d1d wp-block-buttons-is-layout-flex\">\n<div class=\"wp-block-button has-custom-font-size is-style-outline has-medium-font-size is-style-outline--3\"><a class=\"wp-block-button__link has-pale-cyan-blue-color has-text-color wp-element-button\" href=\"#team\" style=\"border-radius:0px\">UNSER ERSTAUNLICHES TEAM<\/a><\/div>\n<\/div>\n<\/div>\n<\/div>\n\n\n\n<p>T<\/p>\n<\/div><\/div>\n\n<div class=\"wp-block-cover is-light\"><span aria-hidden=\"true\" class=\"wp-block-cover__background has-background-dim\"><\/span><img data-recalc-dims=\"1\" loading=\"lazy\" decoding=\"async\" width=\"1200\" height=\"1793\" class=\"wp-block-cover__image-background wp-image-2081\" alt=\"\" src=\"https:\/\/i0.wp.com\/togiya.jp\/wp-content\/uploads\/2022\/01\/kicho_header-1.jpg?resize=1200%2C1793&#038;ssl=1\" style=\"object-position:60% 100%\" data-object-fit=\"cover\" data-object-position=\"60% 100%\" srcset=\"https:\/\/i0.wp.com\/togiya.jp\/wp-content\/uploads\/2022\/01\/kicho_header-1.jpg?w=1600&amp;ssl=1 1600w, https:\/\/i0.wp.com\/togiya.jp\/wp-content\/uploads\/2022\/01\/kicho_header-1.jpg?resize=201%2C300&amp;ssl=1 201w, https:\/\/i0.wp.com\/togiya.jp\/wp-content\/uploads\/2022\/01\/kicho_header-1.jpg?resize=685%2C1024&amp;ssl=1 685w, https:\/\/i0.wp.com\/togiya.jp\/wp-content\/uploads\/2022\/01\/kicho_header-1.jpg?resize=768%2C1148&amp;ssl=1 768w, https:\/\/i0.wp.com\/togiya.jp\/wp-content\/uploads\/2022\/01\/kicho_header-1.jpg?resize=1028%2C1536&amp;ssl=1 1028w, https:\/\/i0.wp.com\/togiya.jp\/wp-content\/uploads\/2022\/01\/kicho_header-1.jpg?resize=1370%2C2048&amp;ssl=1 1370w\" sizes=\"auto, (max-width: 1200px) 100vw, 1200px\" \/><div class=\"wp-block-cover__inner-container is-layout-constrained wp-block-cover-is-layout-constrained\">\n<div id=\"history\" class=\"wp-block-group\"><div class=\"wp-block-group__inner-container is-layout-constrained wp-block-group-is-layout-constrained\">\n<p class=\"has-text-align-center has-white-color has-text-color has-large-font-size\">History<\/p>\n\n\n\n<p class=\"has-white-color has-text-color\">Gegr\u00fcndet 1965 Herr Tatsuya Miyata geerbt japanischen traditionellen Techniken von seinem Vater verwendet werden, um Schere Handwerker, und er Chance, in der Welt als die Stahl-Material-Handling Business-Community laufen, ber\u00fchren die Friseure um die gleiche Zeit, die meisten unserer Stylisten, die Schere nicht zufrieden zu wissen, dass sie auf der Suche nach einer echten japanischen Schere und kosteng\u00fcnstige hochwertige &#8220; Made in Japan&#8220;, um die Welt der Entwicklung Schere &#8220; TOGIYA &#8220; ins Leben gerufen hat. <\/p>\n\n\n\n<p class=\"has-white-color has-text-color\">Incorporation 1999, als ein Unternehmen, das japanische Scheren und Scheren f\u00fcr eine lange Zeit zu machen. &#8222;TOGIYA&#8220; Firmenname, der f\u00fcr einen Markennamen ist, und der Ursprung kam von Sch\u00e4rfen (TOGIYA). <\/p>\n\n\n\n<p class=\"has-white-color has-text-color\"><strong>Made in JAPAN<\/strong> &#8211; als eine japanische Friseurschere Marken, Wir verfolgen japanische Scheren &amp; Scheren, dass ein neuer Trend angenommen, nicht nur traditionelle Techniken, sondern auch Forschung und Entwicklung und die neue Schere. Jetzt haben wir den Punkt des Verkaufs 20 oder mehr L\u00e4ndern erreicht. <\/p>\n<\/div><\/div>\n\n\n\n<div id=\"summary\" class=\"wp-block-group\"><div class=\"wp-block-group__inner-container is-layout-constrained wp-block-group-is-layout-constrained\">\n<p class=\"has-text-align-center has-white-color has-text-color has-large-font-size\">Zusammenfassung<\/p>\n\n\n\n<p class=\"has-white-color has-text-color\">Name des Unternehmens: TOGIYA CORPORATION<br\/>Gefunden :1965<br\/>Eingliederung : 1999<br\/>Abgeordneter : Tatsuya Miyata<br\/>Pr\u00e4sident und stellvertretender Direktor<br\/>Gesch\u00e4ftsf\u00fchrender Direktor<br\/>Kapital: 10.000.000 Japanische Yen<br\/>Hauptfinanzierungsbank: Die Shoko Chukan Bank, LTD<br\/>Adresse des Unternehmens :<br\/>Hauptsitz und Fabrik: 48-1 Todomegi Hashizume, Inuyama City, Aichi Japan 484-0076<br\/>Rufnummer : +81 568 62 2164<br\/>B\u00fcro und Ausstellungsraum: 9-50 Nishimukaihatake Haguro, Inuyama City, Aichi Japan 484-0894<br\/>Rufnummer : +81 568 54 1368<br\/>Italien Sch\u00e4rfstelle : C\/o Lercari giambeppe<br\/>Via Libero Alborno, 14<br\/>18030 Ventimiglia(IM)<br\/>Italia<br\/>Rufnummer : +39 3479712114<\/p>\n<\/div><\/div>\n<\/div><\/div>\n\n<div id=\"team\" class=\"wp-block-group\"><div class=\"wp-block-group__inner-container is-layout-constrained wp-block-group-is-layout-constrained\">\n<div class=\"wp-block-cover\" id=\"team\"><span aria-hidden=\"true\" class=\"wp-block-cover__background has-background-dim\"><\/span><img data-recalc-dims=\"1\" loading=\"lazy\" decoding=\"async\" width=\"1200\" height=\"600\" class=\"wp-block-cover__image-background wp-image-9078\" alt=\"\" src=\"https:\/\/i0.wp.com\/togiya.jp\/wp-content\/uploads\/2023\/07\/%E5%90%8D%E7%A7%B0%E6%9C%AA%E8%A8%AD%E5%AE%9A-2_%E3%82%A2%E3%83%BC%E3%83%88%E3%83%9C%E3%83%BC%E3%83%89-1.png?resize=1200%2C600&#038;ssl=1\" data-object-fit=\"cover\"\/><div class=\"wp-block-cover__inner-container is-layout-constrained wp-block-cover-is-layout-constrained\">\n<p class=\"has-text-align-center has-luminous-vivid-amber-color has-text-color has-large-font-size\">Unser gro\u00dfartiges Team<\/p>\n<\/div><\/div>\n<\/div><\/div>\n","protected":false},"excerpt":{"rendered":"","protected":false},"author":184644402,"featured_media":0,"parent":0,"menu_order":0,"comment_status":"open","ping_status":"closed","template":"","meta":{"footnotes":""},"tags":[],"class_list":["post-9939","page","type-page","status-publish","hentry","without-featured-image"],"jetpack_likes_enabled":true,"jetpack_sharing_enabled":true,"jetpack_shortlink":"https:\/\/wp.me\/PbVGXo-2Aj","_links":{"self":[{"href":"https:\/\/togiya.jp\/de\/wp-json\/wp\/v2\/pages\/9939","targetHints":{"allow":["GET"]}}],"collection":[{"href":"https:\/\/togiya.jp\/de\/wp-json\/wp\/v2\/pages"}],"about":[{"href":"https:\/\/togiya.jp\/de\/wp-json\/wp\/v2\/types\/page"}],"author":[{"embeddable":true,"href":"https:\/\/togiya.jp\/de\/wp-json\/wp\/v2\/users\/184644402"}],"replies":[{"embeddable":true,"href":"https:\/\/togiya.jp\/de\/wp-json\/wp\/v2\/comments?post=9939"}],"version-history":[{"count":4,"href":"https:\/\/togiya.jp\/de\/wp-json\/wp\/v2\/pages\/9939\/revisions"}],"predecessor-version":[{"id":12405,"href":"https:\/\/togiya.jp\/de\/wp-json\/wp\/v2\/pages\/9939\/revisions\/12405"}],"wp:attachment":[{"href":"https:\/\/togiya.jp\/de\/wp-json\/wp\/v2\/media?parent=9939"}],"wp:term":[{"taxonomy":"post_tag","embeddable":true,"href":"https:\/\/togiya.jp\/de\/wp-json\/wp\/v2\/tags?post=9939"}],"curies":[{"name":"wp","href":"https:\/\/api.w.org\/{rel}","templated":true}]}}