{"id":5386,"date":"2020-05-05T18:16:36","date_gmt":"2020-05-05T09:16:36","guid":{"rendered":"https:\/\/togiya.jp\/contacto\/"},"modified":"2023-07-27T16:08:37","modified_gmt":"2023-07-27T07:08:37","slug":"contacto","status":"publish","type":"page","link":"https:\/\/togiya.jp\/es\/contacto\/","title":{"rendered":"Contacto"},"content":{"rendered":"\n<h1 class=\"wp-block-heading has-text-align-center\">togiya JAP\u00d3N<\/h1>\n<div class=\"wp-block-image\">\n<figure class=\"aligncenter size-large\"><img data-recalc-dims=\"1\" height=\"156\" width=\"1024\" decoding=\"async\" src=\"https:\/\/i0.wp.com\/togiya.jp\/wp-content\/uploads\/2023\/06\/banner_%E3%82%A2%E3%83%BC%E3%83%88%E3%83%9C%E3%83%BC%E3%83%89-1-e1690184040113-1024x156.png?resize=1024%2C156&#038;ssl=1\" alt=\"\" class=\"wp-image-5671\"\/><\/figure><\/div>\n<h2 class=\"wp-block-heading has-text-align-center\">Corporaci\u00f3n TOGIYA<\/h2>\n\n<figure class=\"wp-block-pullquote\" style=\"font-size:17px\"><blockquote><p><strong><em>Sede central y f\u00e1brica <\/em><\/strong><\/p><cite>LL\u00c1MANOS : +81-568-62-2164 <br\/>DIRECCI\u00d3N : 48-1, Todomegi, Hashizume, Inuyama City, Aichi Japan \u3012484-0076<br\/>E-MAIL : info@togiya.jp<\/cite><\/blockquote><\/figure>\n<figure class=\"wp-block-pullquote\" style=\"font-size:17px\"><blockquote><p><strong>Oficina de Owari<\/strong><\/p><cite>LL\u00c1MANOS : +81-568-44-1252 <br\/>DIRECCI\u00d3N : Corpo Joyful 102, 50-1, Habayashiki, Hashizume, Inuyama City, Aichi Japan \u3012484-0076<\/cite><\/blockquote><\/figure>\n<h2 class=\"wp-block-heading\">Togiya Hong Kong<\/h2>\n\n<h3 class=\"wp-block-heading has-text-align-center\">Papillon Japan Limited<\/h3>\n\n<figure class=\"wp-block-pullquote\" style=\"font-size:17px\"><blockquote><p><strong>Oficina de Hong Kong<\/strong><\/p><cite>LL\u00c1MANOS : +852-6600-9598 (What&#8217;sApp)<br\/>DIRECCI\u00d3N : Room A3, 18\/F Remex Centre, No.42 Wang Chuk Hang Road, Wang Chuk Hang Hong Kong<\/cite><\/blockquote><\/figure>\n<h2 class=\"wp-block-heading\"><em>P\u00f3ngase en contacto con nosotros<\/em><\/h2>\n<div class=\"wp-block-jetpack-contact-form is-layout-flex wp-container-jetpack-contact-form-is-layout-faa3ad1c wp-block-jetpack-contact-form-is-layout-flex\"><a href=\"https:\/\/togiya.jp\/es\/contacto\/\" target=\"_blank\" rel=\"noopener noreferrer\">Env\u00eda un formulario.<\/a><\/div>\n<hr class=\"wp-block-separator has-alpha-channel-opacity\"\/>\n","protected":false},"excerpt":{"rendered":"<p>togiya JAP\u00d3N Corporaci\u00f3n TOGIYA Sede central y f\u00e1brica LL\u00c1MANOS : +81-568-62-2164 DIRECCI\u00d3N : 48-1, Todomegi, Hashizume, Inuyama City, Aichi Japan \u3012484-0076E-MAIL : info@togiya.jp Oficina de Owari LL\u00c1MANOS : +81-568-44-1252 DIRECCI\u00d3N : Corpo Joyful 102, 50-1, Habayashiki, Hashizume, Inuyama City, Aichi Japan \u3012484-0076 Togiya Hong Kong Papillon Japan Limited Oficina de Hong Kong LL\u00c1MANOS : +852-6600-9598&hellip; <a href=\"https:\/\/togiya.jp\/es\/contacto\/\" class=\"more-link\">Seguir leyendo <span class=\"screen-reader-text\">Contacto<\/span><\/a><\/p>\n","protected":false},"author":184644402,"featured_media":5652,"parent":0,"menu_order":0,"comment_status":"closed","ping_status":"closed","template":"","meta":{"jetpack_post_was_ever_published":false,"footnotes":""},"tags":[],"class_list":["post-5386","page","type-page","status-publish","has-post-thumbnail","hentry","without-featured-image"],"jetpack_likes_enabled":true,"jetpack_sharing_enabled":true,"jetpack_shortlink":"https:\/\/wp.me\/PbVGXo-1oS","_links":{"self":[{"href":"https:\/\/togiya.jp\/es\/wp-json\/wp\/v2\/pages\/5386","targetHints":{"allow":["GET"]}}],"collection":[{"href":"https:\/\/togiya.jp\/es\/wp-json\/wp\/v2\/pages"}],"about":[{"href":"https:\/\/togiya.jp\/es\/wp-json\/wp\/v2\/types\/page"}],"author":[{"embeddable":true,"href":"https:\/\/togiya.jp\/es\/wp-json\/wp\/v2\/users\/184644402"}],"replies":[{"embeddable":true,"href":"https:\/\/togiya.jp\/es\/wp-json\/wp\/v2\/comments?post=5386"}],"version-history":[{"count":2,"href":"https:\/\/togiya.jp\/es\/wp-json\/wp\/v2\/pages\/5386\/revisions"}],"predecessor-version":[{"id":9638,"href":"https:\/\/togiya.jp\/es\/wp-json\/wp\/v2\/pages\/5386\/revisions\/9638"}],"wp:featuredmedia":[{"embeddable":true,"href":"https:\/\/togiya.jp\/es\/wp-json\/wp\/v2\/media\/5652"}],"wp:attachment":[{"href":"https:\/\/togiya.jp\/es\/wp-json\/wp\/v2\/media?parent=5386"}],"wp:term":[{"taxonomy":"post_tag","embeddable":true,"href":"https:\/\/togiya.jp\/es\/wp-json\/wp\/v2\/tags?post=5386"}],"curies":[{"name":"wp","href":"https:\/\/api.w.org\/{rel}","templated":true}]}}