{"id":6368,"date":"2020-04-23T22:42:15","date_gmt":"2020-04-23T13:42:15","guid":{"rendered":"https:\/\/togiya.jp\/classic-serie\/"},"modified":"2023-06-14T18:03:52","modified_gmt":"2023-06-14T09:03:52","slug":"classic-serie","status":"publish","type":"page","link":"https:\/\/togiya.jp\/es\/classic-serie\/","title":{"rendered":"Classic Serie"},"content":{"rendered":"\n<div class=\"wp-block-cover has-background-dim\"><img data-recalc-dims=\"1\" loading=\"lazy\" decoding=\"async\" width=\"300\" height=\"400\" class=\"wp-block-cover__image-background wp-image-680\" alt=\"\" src=\"https:\/\/i0.wp.com\/togiya.jp\/wp-content\/uploads\/2020\/11\/member_2-1.jpg?resize=300%2C400&#038;ssl=1\" data-object-fit=\"cover\" srcset=\"https:\/\/i0.wp.com\/togiya.jp\/wp-content\/uploads\/2020\/11\/member_2-1.jpg?w=300&amp;ssl=1 300w, https:\/\/i0.wp.com\/togiya.jp\/wp-content\/uploads\/2020\/11\/member_2-1.jpg?resize=225%2C300&amp;ssl=1 225w\" sizes=\"auto, (max-width: 300px) 100vw, 300px\" \/><div class=\"wp-block-cover__inner-container is-layout-flow wp-block-cover-is-layout-flow\">\n<h2 class=\"wp-block-heading\">Maestro Seinen Hashimoto<\/h2>\n<\/div><\/div>\n\n<blockquote class=\"wp-block-quote is-layout-flow wp-block-quote-is-layout-flow\"><p>por Seiren Hashimoto, que es el artesano que fabrica la serie Classic.<\/p><cite>Precisi\u00f3n y estabilidad con una trayectoria de m\u00e1s de 10 a\u00f1os, la confecci\u00f3n de sus tijeras es excelente, es un artesano al que le apasiona cortar al m\u00e1ximo.<\/cite><\/blockquote>\n\n<hr class=\"wp-block-separator\"\/>\n\n<div class=\"wp-block-media-text alignwide is-stacked-on-mobile\"><figure class=\"wp-block-media-text__media\"><a href=\"https:\/\/togiya.jp\/cpc\/\"><img data-recalc-dims=\"1\" loading=\"lazy\" decoding=\"async\" width=\"550\" height=\"420\" src=\"https:\/\/i0.wp.com\/togiya.jp\/wp-content\/uploads\/2020\/11\/img_1-3.jpg?resize=550%2C420&#038;ssl=1\" alt=\"\" class=\"wp-image-682 size-full\" srcset=\"https:\/\/i0.wp.com\/togiya.jp\/wp-content\/uploads\/2020\/11\/img_1-3.jpg?w=550&amp;ssl=1 550w, https:\/\/i0.wp.com\/togiya.jp\/wp-content\/uploads\/2020\/11\/img_1-3.jpg?resize=300%2C229&amp;ssl=1 300w\" sizes=\"auto, (max-width: 550px) 100vw, 550px\" \/><\/a><\/figure><div class=\"wp-block-media-text__content\">\n<h4 class=\"wp-block-heading\">CPC-50 CPC-55 CPC-60<\/h4>\n<\/div><\/div>\n\n<hr class=\"wp-block-separator\"\/>\n\n<div class=\"wp-block-media-text alignwide has-media-on-the-right is-stacked-on-mobile\"><figure class=\"wp-block-media-text__media\"><a href=\"https:\/\/togiya.jp\/cpt\/\"><img data-recalc-dims=\"1\" loading=\"lazy\" decoding=\"async\" width=\"636\" height=\"420\" src=\"https:\/\/i0.wp.com\/togiya.jp\/wp-content\/uploads\/2020\/11\/img_2-2.jpg?resize=636%2C420&#038;ssl=1\" alt=\"\" class=\"wp-image-683 size-full\" srcset=\"https:\/\/i0.wp.com\/togiya.jp\/wp-content\/uploads\/2020\/11\/img_2-2.jpg?w=636&amp;ssl=1 636w, https:\/\/i0.wp.com\/togiya.jp\/wp-content\/uploads\/2020\/11\/img_2-2.jpg?resize=300%2C198&amp;ssl=1 300w\" sizes=\"auto, (max-width: 636px) 100vw, 636px\" \/><\/a><\/figure><div class=\"wp-block-media-text__content\">\n<h4 class=\"wp-block-heading\">CPT-30 CPT-38<\/h4>\n<\/div><\/div>\n\n<hr class=\"wp-block-separator\"\/>\n\n<div class=\"wp-block-media-text alignwide is-stacked-on-mobile\"><figure class=\"wp-block-media-text__media\"><a href=\"https:\/\/togiya.jp\/cps\/\"><img data-recalc-dims=\"1\" loading=\"lazy\" decoding=\"async\" width=\"592\" height=\"420\" src=\"https:\/\/i0.wp.com\/togiya.jp\/wp-content\/uploads\/2020\/11\/img_3-2.jpg?resize=592%2C420&#038;ssl=1\" alt=\"\" class=\"wp-image-684 size-full\" srcset=\"https:\/\/i0.wp.com\/togiya.jp\/wp-content\/uploads\/2020\/11\/img_3-2.jpg?w=592&amp;ssl=1 592w, https:\/\/i0.wp.com\/togiya.jp\/wp-content\/uploads\/2020\/11\/img_3-2.jpg?resize=300%2C213&amp;ssl=1 300w\" sizes=\"auto, (max-width: 592px) 100vw, 592px\" \/><\/a><\/figure><div class=\"wp-block-media-text__content\">\n<h4 class=\"wp-block-heading\">CPS-55 CPS-60<\/h4>\n<\/div><\/div>\n\n<hr class=\"wp-block-separator\"\/>\n\n<div class=\"wp-block-media-text alignwide has-media-on-the-right is-stacked-on-mobile\"><figure class=\"wp-block-media-text__media\"><a href=\"https:\/\/togiya.jp\/cptsb\/\"><img data-recalc-dims=\"1\" loading=\"lazy\" decoding=\"async\" width=\"578\" height=\"420\" src=\"https:\/\/i0.wp.com\/togiya.jp\/wp-content\/uploads\/2020\/11\/img_4-2.jpg?resize=578%2C420&#038;ssl=1\" alt=\"\" class=\"wp-image-685 size-full\" srcset=\"https:\/\/i0.wp.com\/togiya.jp\/wp-content\/uploads\/2020\/11\/img_4-2.jpg?w=578&amp;ssl=1 578w, https:\/\/i0.wp.com\/togiya.jp\/wp-content\/uploads\/2020\/11\/img_4-2.jpg?resize=300%2C218&amp;ssl=1 300w\" sizes=\"auto, (max-width: 578px) 100vw, 578px\" \/><\/a><\/figure><div class=\"wp-block-media-text__content\">\n<h4 class=\"wp-block-heading\">CPT-38SB<\/h4>\n<\/div><\/div>\n\n<hr class=\"wp-block-separator\"\/>\n\n<div class=\"wp-block-media-text alignwide is-stacked-on-mobile\"><figure class=\"wp-block-media-text__media\"><a href=\"https:\/\/togiya.jp\/csc\/\"><img data-recalc-dims=\"1\" loading=\"lazy\" decoding=\"async\" width=\"630\" height=\"420\" src=\"https:\/\/i0.wp.com\/togiya.jp\/wp-content\/uploads\/2020\/11\/img_5-2.jpg?resize=630%2C420&#038;ssl=1\" alt=\"\" class=\"wp-image-686 size-full\" srcset=\"https:\/\/i0.wp.com\/togiya.jp\/wp-content\/uploads\/2020\/11\/img_5-2.jpg?w=630&amp;ssl=1 630w, https:\/\/i0.wp.com\/togiya.jp\/wp-content\/uploads\/2020\/11\/img_5-2.jpg?resize=300%2C200&amp;ssl=1 300w\" sizes=\"auto, (max-width: 630px) 100vw, 630px\" \/><\/a><\/figure><div class=\"wp-block-media-text__content\">\n<h4 class=\"wp-block-heading\">CSC-50 CSC-55<\/h4>\n<\/div><\/div>\n\n<hr class=\"wp-block-separator\"\/>\n\n<div class=\"wp-block-media-text alignwide has-media-on-the-right is-stacked-on-mobile\"><figure class=\"wp-block-media-text__media\"><a href=\"https:\/\/togiya.jp\/cst\/\"><img data-recalc-dims=\"1\" loading=\"lazy\" decoding=\"async\" width=\"650\" height=\"418\" src=\"https:\/\/i0.wp.com\/togiya.jp\/wp-content\/uploads\/2020\/11\/img_6-2.jpg?resize=650%2C418&#038;ssl=1\" alt=\"\" class=\"wp-image-687 size-full\" srcset=\"https:\/\/i0.wp.com\/togiya.jp\/wp-content\/uploads\/2020\/11\/img_6-2.jpg?w=650&amp;ssl=1 650w, https:\/\/i0.wp.com\/togiya.jp\/wp-content\/uploads\/2020\/11\/img_6-2.jpg?resize=300%2C193&amp;ssl=1 300w\" sizes=\"auto, (max-width: 650px) 100vw, 650px\" \/><\/a><\/figure><div class=\"wp-block-media-text__content\">\n<h4 class=\"wp-block-heading\">CST-38B<\/h4>\n<\/div><\/div>\n\n<hr class=\"wp-block-separator\"\/>\n\n<div class=\"wp-block-media-text alignwide is-stacked-on-mobile\"><figure class=\"wp-block-media-text__media\"><a href=\"https:\/\/togiya.jp\/cpm\/\"><img data-recalc-dims=\"1\" loading=\"lazy\" decoding=\"async\" width=\"551\" height=\"420\" src=\"https:\/\/i0.wp.com\/togiya.jp\/wp-content\/uploads\/2020\/11\/img_7-2.jpg?resize=551%2C420&#038;ssl=1\" alt=\"\" class=\"wp-image-688 size-full\" srcset=\"https:\/\/i0.wp.com\/togiya.jp\/wp-content\/uploads\/2020\/11\/img_7-2.jpg?w=551&amp;ssl=1 551w, https:\/\/i0.wp.com\/togiya.jp\/wp-content\/uploads\/2020\/11\/img_7-2.jpg?resize=300%2C229&amp;ssl=1 300w\" sizes=\"auto, (max-width: 551px) 100vw, 551px\" \/><\/a><\/figure><div class=\"wp-block-media-text__content\">\n<h4 class=\"wp-block-heading\">CPM-50 CPM-55 CPM-60<\/h4>\n<\/div><\/div>\n\n<hr class=\"wp-block-separator\"\/>\n\n<div class=\"wp-block-media-text alignwide has-media-on-the-right is-stacked-on-mobile\"><figure class=\"wp-block-media-text__media\"><a href=\"https:\/\/togiya.jp\/crane\/\"><img data-recalc-dims=\"1\" loading=\"lazy\" decoding=\"async\" width=\"606\" height=\"420\" src=\"https:\/\/i0.wp.com\/togiya.jp\/wp-content\/uploads\/2020\/11\/img_8.png?resize=606%2C420&#038;ssl=1\" alt=\"\" class=\"wp-image-689 size-full\" srcset=\"https:\/\/i0.wp.com\/togiya.jp\/wp-content\/uploads\/2020\/11\/img_8.png?w=606&amp;ssl=1 606w, https:\/\/i0.wp.com\/togiya.jp\/wp-content\/uploads\/2020\/11\/img_8.png?resize=300%2C208&amp;ssl=1 300w\" sizes=\"auto, (max-width: 606px) 100vw, 606px\" \/><\/a><\/figure><div class=\"wp-block-media-text__content\">\n<h4 class=\"wp-block-heading\">Crane-50 Crane-55<\/h4>\n<\/div><\/div>\n","protected":false},"excerpt":{"rendered":"<p>por Seiren Hashimoto, que es el artesano que fabrica la serie Classic. Precisi\u00f3n y estabilidad con una trayectoria de m\u00e1s de 10 a\u00f1os, la confecci\u00f3n de sus tijeras es excelente, es un artesano al que le apasiona cortar al m\u00e1ximo. CPC-50 CPC-55 CPC-60 CPT-30 CPT-38 CPS-55 CPS-60 CPT-38SB CSC-50 CSC-55 CST-38B CPM-50 CPM-55 CPM-60 Crane-50&hellip; <a href=\"https:\/\/togiya.jp\/es\/classic-serie\/\" class=\"more-link\">Seguir leyendo <span class=\"screen-reader-text\">Classic Serie<\/span><\/a><\/p>\n","protected":false},"author":184644402,"featured_media":5267,"parent":0,"menu_order":0,"comment_status":"closed","ping_status":"closed","template":"","meta":{"jetpack_post_was_ever_published":false,"footnotes":""},"tags":[],"class_list":["post-6368","page","type-page","status-publish","has-post-thumbnail","hentry","without-featured-image"],"jetpack_likes_enabled":true,"jetpack_sharing_enabled":true,"jetpack_shortlink":"https:\/\/wp.me\/PbVGXo-1EI","_links":{"self":[{"href":"https:\/\/togiya.jp\/es\/wp-json\/wp\/v2\/pages\/6368","targetHints":{"allow":["GET"]}}],"collection":[{"href":"https:\/\/togiya.jp\/es\/wp-json\/wp\/v2\/pages"}],"about":[{"href":"https:\/\/togiya.jp\/es\/wp-json\/wp\/v2\/types\/page"}],"author":[{"embeddable":true,"href":"https:\/\/togiya.jp\/es\/wp-json\/wp\/v2\/users\/184644402"}],"replies":[{"embeddable":true,"href":"https:\/\/togiya.jp\/es\/wp-json\/wp\/v2\/comments?post=6368"}],"version-history":[{"count":1,"href":"https:\/\/togiya.jp\/es\/wp-json\/wp\/v2\/pages\/6368\/revisions"}],"predecessor-version":[{"id":6384,"href":"https:\/\/togiya.jp\/es\/wp-json\/wp\/v2\/pages\/6368\/revisions\/6384"}],"wp:featuredmedia":[{"embeddable":true,"href":"https:\/\/togiya.jp\/es\/wp-json\/wp\/v2\/media\/5267"}],"wp:attachment":[{"href":"https:\/\/togiya.jp\/es\/wp-json\/wp\/v2\/media?parent=6368"}],"wp:term":[{"taxonomy":"post_tag","embeddable":true,"href":"https:\/\/togiya.jp\/es\/wp-json\/wp\/v2\/tags?post=6368"}],"curies":[{"name":"wp","href":"https:\/\/api.w.org\/{rel}","templated":true}]}}