{"id":6802,"date":"2020-04-23T22:42:26","date_gmt":"2020-04-23T13:42:26","guid":{"rendered":"https:\/\/togiya.jp\/professional-serie\/"},"modified":"2023-06-15T15:17:44","modified_gmt":"2023-06-15T06:17:44","slug":"professional-serie","status":"publish","type":"page","link":"https:\/\/togiya.jp\/es\/professional-serie\/","title":{"rendered":"Professional Serie"},"content":{"rendered":"\n<div class=\"wp-block-cover has-background-dim\"><img data-recalc-dims=\"1\" loading=\"lazy\" decoding=\"async\" width=\"533\" height=\"400\" class=\"wp-block-cover__image-background wp-image-704\" alt=\"\" src=\"https:\/\/i0.wp.com\/togiya.jp\/wp-content\/uploads\/2020\/11\/img_1b-1.jpg?resize=533%2C400&#038;ssl=1\" data-object-fit=\"cover\" srcset=\"https:\/\/i0.wp.com\/togiya.jp\/wp-content\/uploads\/2020\/11\/img_1b-1.jpg?w=533&amp;ssl=1 533w, https:\/\/i0.wp.com\/togiya.jp\/wp-content\/uploads\/2020\/11\/img_1b-1.jpg?resize=300%2C225&amp;ssl=1 300w\" sizes=\"auto, (max-width: 533px) 100vw, 533px\" \/><div class=\"wp-block-cover__inner-container is-layout-flow wp-block-cover-is-layout-flow\">\n<h2 class=\"wp-block-heading\">Maestro Haruo Mizuno<\/h2>\n<\/div><\/div>\n\n<blockquote class=\"wp-block-quote is-layout-flow wp-block-quote-is-layout-flow\"><p>por Haruo Mizuno, que es el artesano que fabrica la serie Profesional<\/p><cite>Carrera de m\u00e1s de 20 a\u00f1os. Mira perfecto todas las tijeras. Tijeras artesano en Jap\u00f3n, que actualmente est\u00e1 activo , es uno de los artesanos de primera clase sin duda. Sabemos que comprar los mejores estilistas del mundo ha especificado sus tijeras. Es digno de ser llamado el \u00abgenio\u00bb del artesano s\u00f3lo tijeras.    <\/cite><\/blockquote>\n\n<hr class=\"wp-block-separator\"\/>\n\n<div class=\"wp-block-media-text alignwide is-stacked-on-mobile\"><figure class=\"wp-block-media-text__media\"><a href=\"https:\/\/togiya.jp\/pcp\/\"><img data-recalc-dims=\"1\" loading=\"lazy\" decoding=\"async\" width=\"636\" height=\"420\" src=\"https:\/\/i0.wp.com\/togiya.jp\/wp-content\/uploads\/2020\/11\/img_1-5.jpg?resize=636%2C420&#038;ssl=1\" alt=\"\" class=\"wp-image-705 size-full\" srcset=\"https:\/\/i0.wp.com\/togiya.jp\/wp-content\/uploads\/2020\/11\/img_1-5.jpg?w=636&amp;ssl=1 636w, https:\/\/i0.wp.com\/togiya.jp\/wp-content\/uploads\/2020\/11\/img_1-5.jpg?resize=300%2C198&amp;ssl=1 300w\" sizes=\"auto, (max-width: 636px) 100vw, 636px\" \/><\/a><\/figure><div class=\"wp-block-media-text__content\">\n<h4 class=\"wp-block-heading\">PCP-55 PCP-60 PCP-65 PCP-70<\/h4>\n<\/div><\/div>\n\n<hr class=\"wp-block-separator\"\/>\n\n<div class=\"wp-block-media-text alignwide has-media-on-the-right is-stacked-on-mobile\"><figure class=\"wp-block-media-text__media\"><a href=\"https:\/\/togiya.jp\/papillon\/\"><img data-recalc-dims=\"1\" loading=\"lazy\" decoding=\"async\" width=\"650\" height=\"341\" src=\"https:\/\/i0.wp.com\/togiya.jp\/wp-content\/uploads\/2020\/11\/img_2.png?resize=650%2C341&#038;ssl=1\" alt=\"\" class=\"wp-image-706 size-full\" srcset=\"https:\/\/i0.wp.com\/togiya.jp\/wp-content\/uploads\/2020\/11\/img_2.png?w=650&amp;ssl=1 650w, https:\/\/i0.wp.com\/togiya.jp\/wp-content\/uploads\/2020\/11\/img_2.png?resize=300%2C157&amp;ssl=1 300w\" sizes=\"auto, (max-width: 650px) 100vw, 650px\" \/><\/a><\/figure><div class=\"wp-block-media-text__content\">\n<h4 class=\"wp-block-heading\">Papillon-55 Papillon-60<\/h4>\n<\/div><\/div>\n","protected":false},"excerpt":{"rendered":"<p>por Haruo Mizuno, que es el artesano que fabrica la serie Profesional Carrera de m\u00e1s de 20 a\u00f1os. Mira perfecto todas las tijeras. Tijeras artesano en Jap\u00f3n, que actualmente est\u00e1 activo , es uno de los artesanos de primera clase sin duda. Sabemos que comprar los mejores estilistas del mundo ha especificado sus tijeras. Es&hellip; <a href=\"https:\/\/togiya.jp\/es\/professional-serie\/\" class=\"more-link\">Seguir leyendo <span class=\"screen-reader-text\">Professional Serie<\/span><\/a><\/p>\n","protected":false},"author":184644402,"featured_media":5259,"parent":0,"menu_order":0,"comment_status":"closed","ping_status":"closed","template":"","meta":{"footnotes":""},"tags":[],"class_list":["post-6802","page","type-page","status-publish","has-post-thumbnail","hentry","without-featured-image"],"jetpack_likes_enabled":true,"jetpack_sharing_enabled":true,"jetpack_shortlink":"https:\/\/wp.me\/PbVGXo-1LI","_links":{"self":[{"href":"https:\/\/togiya.jp\/es\/wp-json\/wp\/v2\/pages\/6802","targetHints":{"allow":["GET"]}}],"collection":[{"href":"https:\/\/togiya.jp\/es\/wp-json\/wp\/v2\/pages"}],"about":[{"href":"https:\/\/togiya.jp\/es\/wp-json\/wp\/v2\/types\/page"}],"author":[{"embeddable":true,"href":"https:\/\/togiya.jp\/es\/wp-json\/wp\/v2\/users\/184644402"}],"replies":[{"embeddable":true,"href":"https:\/\/togiya.jp\/es\/wp-json\/wp\/v2\/comments?post=6802"}],"version-history":[{"count":1,"href":"https:\/\/togiya.jp\/es\/wp-json\/wp\/v2\/pages\/6802\/revisions"}],"predecessor-version":[{"id":6818,"href":"https:\/\/togiya.jp\/es\/wp-json\/wp\/v2\/pages\/6802\/revisions\/6818"}],"wp:featuredmedia":[{"embeddable":true,"href":"https:\/\/togiya.jp\/es\/wp-json\/wp\/v2\/media\/5259"}],"wp:attachment":[{"href":"https:\/\/togiya.jp\/es\/wp-json\/wp\/v2\/media?parent=6802"}],"wp:term":[{"taxonomy":"post_tag","embeddable":true,"href":"https:\/\/togiya.jp\/es\/wp-json\/wp\/v2\/tags?post=6802"}],"curies":[{"name":"wp","href":"https:\/\/api.w.org\/{rel}","templated":true}]}}