{"id":7210,"date":"2020-04-23T22:42:10","date_gmt":"2020-04-23T13:42:10","guid":{"rendered":"https:\/\/togiya.jp\/global-serie\/"},"modified":"2023-06-15T16:26:01","modified_gmt":"2023-06-15T07:26:01","slug":"global-serie","status":"publish","type":"page","link":"https:\/\/togiya.jp\/es\/global-serie\/","title":{"rendered":"Global Serie"},"content":{"rendered":"\n<div class=\"wp-block-cover\"><span aria-hidden=\"true\" class=\"wp-block-cover__background has-background-dim\"><\/span><img data-recalc-dims=\"1\" loading=\"lazy\" decoding=\"async\" width=\"300\" height=\"400\" class=\"wp-block-cover__image-background wp-image-549\" alt=\"\" src=\"https:\/\/i0.wp.com\/togiya.jp\/wp-content\/uploads\/2020\/11\/member_1.jpg?resize=300%2C400&#038;ssl=1\" data-object-fit=\"cover\" srcset=\"https:\/\/i0.wp.com\/togiya.jp\/wp-content\/uploads\/2020\/11\/member_1.jpg?w=300&amp;ssl=1 300w, https:\/\/i0.wp.com\/togiya.jp\/wp-content\/uploads\/2020\/11\/member_1.jpg?resize=225%2C300&amp;ssl=1 225w\" sizes=\"auto, (max-width: 300px) 100vw, 300px\" \/><div class=\"wp-block-cover__inner-container is-layout-flow wp-block-cover-is-layout-flow\">\n<h2 class=\"wp-block-heading\" id=\"master-shinichi-naito\"> Maestro Shinichi Naito<\/h2>\n<\/div><\/div>\n\n<blockquote class=\"wp-block-quote is-layout-flow wp-block-quote-is-layout-flow\">\n<p>por Shinichi Naito, que es el art\u00edfice de la serie Global.<\/p>\n<cite>\u00c9l todav\u00eda est\u00e1 unido en TOGIYA en s\u00f3lo 3 a\u00f1os, el coraz\u00f3n a la b\u00fasqueda de la tecnolog\u00eda es superior, que apoyar\u00e1 TOGIYA tijeras en la tecnolog\u00eda en el futuro. Son los ingenieros m\u00e1s prometedores en los j\u00f3venes. <\/cite><\/blockquote>\n\n<hr class=\"wp-block-separator has-css-opacity\"\/>\n\n<div class=\"wp-block-media-text alignwide is-stacked-on-mobile\"><figure class=\"wp-block-media-text__media\"><a href=\"https:\/\/togiya.jp\/gmcs\" target=\"_blank\" rel=\"noopener noreferrer\"><img data-recalc-dims=\"1\" loading=\"lazy\" decoding=\"async\" width=\"650\" height=\"420\" src=\"https:\/\/i0.wp.com\/togiya.jp\/wp-content\/uploads\/2020\/11\/img_1-2.jpg?resize=650%2C420&#038;ssl=1\" alt=\"\" class=\"wp-image-668 size-full\" srcset=\"https:\/\/i0.wp.com\/togiya.jp\/wp-content\/uploads\/2020\/11\/img_1-2.jpg?w=650&amp;ssl=1 650w, https:\/\/i0.wp.com\/togiya.jp\/wp-content\/uploads\/2020\/11\/img_1-2.jpg?resize=300%2C194&amp;ssl=1 300w\" sizes=\"auto, (max-width: 650px) 100vw, 650px\" \/><\/a><\/figure><div class=\"wp-block-media-text__content\">\n<h4 class=\"wp-block-heading\" id=\"gmc-55s-gmc-60s\"><strong>GMC-55S GMC-60S<\/strong><\/h4>\n<\/div><\/div>\n\n<hr class=\"wp-block-separator has-css-opacity\"\/>\n\n<div class=\"wp-block-media-text alignwide has-media-on-the-right is-stacked-on-mobile\"><div class=\"wp-block-media-text__content\">\n<h4 class=\"wp-block-heading\" id=\"gmt-30s-gmt-38s\"><strong>GMT-30S GMT-38S<\/strong><\/h4>\n<\/div><figure class=\"wp-block-media-text__media\"><a href=\"https:\/\/togiya.jp\/gmts\/\"><img data-recalc-dims=\"1\" loading=\"lazy\" decoding=\"async\" width=\"650\" height=\"420\" src=\"https:\/\/i0.wp.com\/togiya.jp\/wp-content\/uploads\/2020\/11\/img_2-1.jpg?resize=650%2C420&#038;ssl=1\" alt=\"\" class=\"wp-image-669 size-full\" srcset=\"https:\/\/i0.wp.com\/togiya.jp\/wp-content\/uploads\/2020\/11\/img_2-1.jpg?w=650&amp;ssl=1 650w, https:\/\/i0.wp.com\/togiya.jp\/wp-content\/uploads\/2020\/11\/img_2-1.jpg?resize=300%2C194&amp;ssl=1 300w\" sizes=\"auto, (max-width: 650px) 100vw, 650px\" \/><\/a><\/figure><\/div>\n\n<hr class=\"wp-block-separator has-css-opacity\"\/>\n\n<div class=\"wp-block-media-text alignwide is-stacked-on-mobile\"><figure class=\"wp-block-media-text__media\"><a href=\"https:\/\/togiya.jp\/gmc\/\"><img data-recalc-dims=\"1\" loading=\"lazy\" decoding=\"async\" width=\"650\" height=\"420\" src=\"https:\/\/i0.wp.com\/togiya.jp\/wp-content\/uploads\/2020\/11\/img_3-1.jpg?resize=650%2C420&#038;ssl=1\" alt=\"\" class=\"wp-image-670 size-full\" srcset=\"https:\/\/i0.wp.com\/togiya.jp\/wp-content\/uploads\/2020\/11\/img_3-1.jpg?w=650&amp;ssl=1 650w, https:\/\/i0.wp.com\/togiya.jp\/wp-content\/uploads\/2020\/11\/img_3-1.jpg?resize=300%2C194&amp;ssl=1 300w\" sizes=\"auto, (max-width: 650px) 100vw, 650px\" \/><\/a><\/figure><div class=\"wp-block-media-text__content\">\n<h4 class=\"wp-block-heading\" id=\"gmc-50-gmc-55-gmc-60\"><strong>GMC-50 GMC-55 GMC-60<\/strong><\/h4>\n<\/div><\/div>\n\n<hr class=\"wp-block-separator has-css-opacity\"\/>\n\n<div class=\"wp-block-media-text alignwide has-media-on-the-right is-stacked-on-mobile\"><div class=\"wp-block-media-text__content\">\n<h4 class=\"wp-block-heading\" id=\"gmt-30-gmt-38\"><strong>GMT-30 GMT-38<\/strong><\/h4>\n<\/div><figure class=\"wp-block-media-text__media\"><a href=\"https:\/\/togiya.jp\/gmt\/\"><img data-recalc-dims=\"1\" loading=\"lazy\" decoding=\"async\" width=\"650\" height=\"420\" src=\"https:\/\/i0.wp.com\/togiya.jp\/wp-content\/uploads\/2020\/11\/img_4-1.jpg?resize=650%2C420&#038;ssl=1\" alt=\"\" class=\"wp-image-671 size-full\" srcset=\"https:\/\/i0.wp.com\/togiya.jp\/wp-content\/uploads\/2020\/11\/img_4-1.jpg?w=650&amp;ssl=1 650w, https:\/\/i0.wp.com\/togiya.jp\/wp-content\/uploads\/2020\/11\/img_4-1.jpg?resize=300%2C194&amp;ssl=1 300w\" sizes=\"auto, (max-width: 650px) 100vw, 650px\" \/><\/a><\/figure><\/div>\n\n<hr class=\"wp-block-separator has-css-opacity\"\/>\n\n<div class=\"wp-block-media-text alignwide is-stacked-on-mobile\"><figure class=\"wp-block-media-text__media\"><a href=\"https:\/\/togiya.jp\/gpc\/\"><img data-recalc-dims=\"1\" loading=\"lazy\" decoding=\"async\" width=\"650\" height=\"420\" src=\"https:\/\/i0.wp.com\/togiya.jp\/wp-content\/uploads\/2020\/11\/img_5-1.jpg?resize=650%2C420&#038;ssl=1\" alt=\"\" class=\"wp-image-672 size-full\" srcset=\"https:\/\/i0.wp.com\/togiya.jp\/wp-content\/uploads\/2020\/11\/img_5-1.jpg?w=650&amp;ssl=1 650w, https:\/\/i0.wp.com\/togiya.jp\/wp-content\/uploads\/2020\/11\/img_5-1.jpg?resize=300%2C194&amp;ssl=1 300w\" sizes=\"auto, (max-width: 650px) 100vw, 650px\" \/><\/a><\/figure><div class=\"wp-block-media-text__content\">\n<h4 class=\"wp-block-heading\" id=\"gpc-65-gpc-70\"><strong>GPC-65 GPC-70<\/strong><\/h4>\n<\/div><\/div>\n\n<hr class=\"wp-block-separator has-css-opacity\"\/>\n\n<div class=\"wp-block-media-text alignwide has-media-on-the-right is-stacked-on-mobile\"><div class=\"wp-block-media-text__content\">\n<h4 class=\"wp-block-heading\" id=\"gmt-30b-gmt-38b\"><strong>GMT-30B GMT-38B<\/strong><\/h4>\n<\/div><figure class=\"wp-block-media-text__media\"><a href=\"https:\/\/togiya.jp\/gmtb\/\"><img data-recalc-dims=\"1\" loading=\"lazy\" decoding=\"async\" width=\"612\" height=\"420\" src=\"https:\/\/i0.wp.com\/togiya.jp\/wp-content\/uploads\/2020\/11\/img_6-1.jpg?resize=612%2C420&#038;ssl=1\" alt=\"\" class=\"wp-image-673 size-full\" srcset=\"https:\/\/i0.wp.com\/togiya.jp\/wp-content\/uploads\/2020\/11\/img_6-1.jpg?w=612&amp;ssl=1 612w, https:\/\/i0.wp.com\/togiya.jp\/wp-content\/uploads\/2020\/11\/img_6-1.jpg?resize=300%2C206&amp;ssl=1 300w\" sizes=\"auto, (max-width: 612px) 100vw, 612px\" \/><\/a><\/figure><\/div>\n\n<hr class=\"wp-block-separator has-css-opacity\"\/>\n\n<div class=\"wp-block-media-text alignwide is-stacked-on-mobile\"><figure class=\"wp-block-media-text__media\"><a href=\"https:\/\/togiya.jp\/gsc\/\"><img data-recalc-dims=\"1\" loading=\"lazy\" decoding=\"async\" width=\"650\" height=\"365\" src=\"https:\/\/i0.wp.com\/togiya.jp\/wp-content\/uploads\/2020\/11\/img_7-1.jpg?resize=650%2C365&#038;ssl=1\" alt=\"\" class=\"wp-image-674 size-full\" srcset=\"https:\/\/i0.wp.com\/togiya.jp\/wp-content\/uploads\/2020\/11\/img_7-1.jpg?w=650&amp;ssl=1 650w, https:\/\/i0.wp.com\/togiya.jp\/wp-content\/uploads\/2020\/11\/img_7-1.jpg?resize=300%2C168&amp;ssl=1 300w\" sizes=\"auto, (max-width: 650px) 100vw, 650px\" \/><\/a><\/figure><div class=\"wp-block-media-text__content\">\n<h4 class=\"wp-block-heading\" id=\"gsc-50-gsc-55-gsc-60-gsc-65\"><strong>GSC-50 GSC-55 GSC-60 GSC-65 <\/strong><\/h4>\n<\/div><\/div>\n\n<hr class=\"wp-block-separator has-css-opacity\"\/>\n\n<div class=\"wp-block-media-text alignwide has-media-on-the-right is-stacked-on-mobile\"><div class=\"wp-block-media-text__content\">\n<h4 class=\"wp-block-heading\" id=\"gmt-38sb\"><strong>GMT-38SB<\/strong><\/h4>\n<\/div><figure class=\"wp-block-media-text__media\"><a href=\"https:\/\/togiya.jp\/gmtsb\/\"><img data-recalc-dims=\"1\" loading=\"lazy\" decoding=\"async\" width=\"578\" height=\"420\" src=\"https:\/\/i0.wp.com\/togiya.jp\/wp-content\/uploads\/2020\/11\/img_8-1.jpg?resize=578%2C420&#038;ssl=1\" alt=\"\" class=\"wp-image-675 size-full\" srcset=\"https:\/\/i0.wp.com\/togiya.jp\/wp-content\/uploads\/2020\/11\/img_8-1.jpg?w=578&amp;ssl=1 578w, https:\/\/i0.wp.com\/togiya.jp\/wp-content\/uploads\/2020\/11\/img_8-1.jpg?resize=300%2C218&amp;ssl=1 300w\" sizes=\"auto, (max-width: 578px) 100vw, 578px\" \/><\/a><\/figure><\/div>\n\n<p><\/p>\n","protected":false},"excerpt":{"rendered":"<p>por Shinichi Naito, que es el art\u00edfice de la serie Global. \u00c9l todav\u00eda est\u00e1 unido en TOGIYA en s\u00f3lo 3 a\u00f1os, el coraz\u00f3n a la b\u00fasqueda de la tecnolog\u00eda es superior, que apoyar\u00e1 TOGIYA tijeras en la tecnolog\u00eda en el futuro. Son los ingenieros m\u00e1s prometedores en los j\u00f3venes. GMC-55S GMC-60S GMT-30S GMT-38S GMC-50 GMC-55&hellip; <a href=\"https:\/\/togiya.jp\/es\/global-serie\/\" class=\"more-link\">Seguir leyendo <span class=\"screen-reader-text\">Global Serie<\/span><\/a><\/p>\n","protected":false},"author":184644402,"featured_media":5255,"parent":0,"menu_order":0,"comment_status":"closed","ping_status":"closed","template":"","meta":{"jetpack_post_was_ever_published":false,"footnotes":""},"tags":[],"class_list":["post-7210","page","type-page","status-publish","has-post-thumbnail","hentry","without-featured-image"],"jetpack_likes_enabled":true,"jetpack_sharing_enabled":true,"jetpack_shortlink":"https:\/\/wp.me\/PbVGXo-1Si","_links":{"self":[{"href":"https:\/\/togiya.jp\/es\/wp-json\/wp\/v2\/pages\/7210","targetHints":{"allow":["GET"]}}],"collection":[{"href":"https:\/\/togiya.jp\/es\/wp-json\/wp\/v2\/pages"}],"about":[{"href":"https:\/\/togiya.jp\/es\/wp-json\/wp\/v2\/types\/page"}],"author":[{"embeddable":true,"href":"https:\/\/togiya.jp\/es\/wp-json\/wp\/v2\/users\/184644402"}],"replies":[{"embeddable":true,"href":"https:\/\/togiya.jp\/es\/wp-json\/wp\/v2\/comments?post=7210"}],"version-history":[{"count":1,"href":"https:\/\/togiya.jp\/es\/wp-json\/wp\/v2\/pages\/7210\/revisions"}],"predecessor-version":[{"id":7226,"href":"https:\/\/togiya.jp\/es\/wp-json\/wp\/v2\/pages\/7210\/revisions\/7226"}],"wp:featuredmedia":[{"embeddable":true,"href":"https:\/\/togiya.jp\/es\/wp-json\/wp\/v2\/media\/5255"}],"wp:attachment":[{"href":"https:\/\/togiya.jp\/es\/wp-json\/wp\/v2\/media?parent=7210"}],"wp:term":[{"taxonomy":"post_tag","embeddable":true,"href":"https:\/\/togiya.jp\/es\/wp-json\/wp\/v2\/tags?post=7210"}],"curies":[{"name":"wp","href":"https:\/\/api.w.org\/{rel}","templated":true}]}}