{"id":7450,"date":"2020-04-23T22:42:31","date_gmt":"2020-04-23T13:42:31","guid":{"rendered":"https:\/\/togiya.jp\/designers-serie\/"},"modified":"2023-06-15T17:06:40","modified_gmt":"2023-06-15T08:06:40","slug":"designers-serie","status":"publish","type":"page","link":"https:\/\/togiya.jp\/es\/designers-serie\/","title":{"rendered":"Designers Serie"},"content":{"rendered":"\n<div class=\"wp-block-cover has-background-dim\"><img data-recalc-dims=\"1\" loading=\"lazy\" decoding=\"async\" width=\"300\" height=\"400\" class=\"wp-block-cover__image-background wp-image-708\" alt=\"\" src=\"https:\/\/i0.wp.com\/togiya.jp\/wp-content\/uploads\/2020\/11\/img_1b-2.jpg?resize=300%2C400&#038;ssl=1\" data-object-fit=\"cover\" srcset=\"https:\/\/i0.wp.com\/togiya.jp\/wp-content\/uploads\/2020\/11\/img_1b-2.jpg?w=300&amp;ssl=1 300w, https:\/\/i0.wp.com\/togiya.jp\/wp-content\/uploads\/2020\/11\/img_1b-2.jpg?resize=225%2C300&amp;ssl=1 225w\" sizes=\"auto, (max-width: 300px) 100vw, 300px\" \/><div class=\"wp-block-cover__inner-container is-layout-flow wp-block-cover-is-layout-flow\">\n<h2 class=\"wp-block-heading\">Maestro Teruo Hattori<\/h2>\n<\/div><\/div>\n\n<blockquote class=\"wp-block-quote is-layout-flow wp-block-quote-is-layout-flow\"><p>por Teruo Hattori, que es el artesano que fabrica la serie Designers.<\/p><cite>Si usted esperaba que las \u00abtijeras con dignidad hermosa\u00bb, ser\u00eda m\u00e1s conocerlo all\u00ed. Tecnolog\u00eda, as\u00ed como la suprema obra de arte se puede hacer como un par de tijeras. Es uno de los pocos artesanos.  <\/cite><\/blockquote>\n\n<hr class=\"wp-block-separator\"\/>\n\n<div class=\"wp-block-media-text alignwide is-stacked-on-mobile\"><figure class=\"wp-block-media-text__media\"><a href=\"https:\/\/togiya.jp\/dco\/\"><img data-recalc-dims=\"1\" loading=\"lazy\" decoding=\"async\" width=\"650\" height=\"407\" src=\"https:\/\/i0.wp.com\/togiya.jp\/wp-content\/uploads\/2020\/11\/img_1-6.jpg?resize=650%2C407&#038;ssl=1\" alt=\"\" class=\"wp-image-709 size-full\" srcset=\"https:\/\/i0.wp.com\/togiya.jp\/wp-content\/uploads\/2020\/11\/img_1-6.jpg?w=650&amp;ssl=1 650w, https:\/\/i0.wp.com\/togiya.jp\/wp-content\/uploads\/2020\/11\/img_1-6.jpg?resize=300%2C188&amp;ssl=1 300w\" sizes=\"auto, (max-width: 650px) 100vw, 650px\" \/><\/a><\/figure><div class=\"wp-block-media-text__content\">\n<h4 class=\"wp-block-heading\">DCO-50 DCO-55 DCO-60 DCO-65 <\/h4>\n<\/div><\/div>\n\n<hr class=\"wp-block-separator\"\/>\n\n<div class=\"wp-block-media-text alignwide has-media-on-the-right is-stacked-on-mobile\"><figure class=\"wp-block-media-text__media\"><a href=\"https:\/\/togiya.jp\/dso\/\"><img data-recalc-dims=\"1\" loading=\"lazy\" decoding=\"async\" width=\"552\" height=\"420\" src=\"https:\/\/i0.wp.com\/togiya.jp\/wp-content\/uploads\/2020\/11\/img_2-4.jpg?resize=552%2C420&#038;ssl=1\" alt=\"\" class=\"wp-image-710 size-full\" srcset=\"https:\/\/i0.wp.com\/togiya.jp\/wp-content\/uploads\/2020\/11\/img_2-4.jpg?w=552&amp;ssl=1 552w, https:\/\/i0.wp.com\/togiya.jp\/wp-content\/uploads\/2020\/11\/img_2-4.jpg?resize=300%2C228&amp;ssl=1 300w\" sizes=\"auto, (max-width: 552px) 100vw, 552px\" \/><\/a><\/figure><div class=\"wp-block-media-text__content\">\n<h4 class=\"wp-block-heading\">DSO-50 DSO-55 DSO-60<\/h4>\n<\/div><\/div>\n\n<hr class=\"wp-block-separator\"\/>\n\n<div class=\"wp-block-media-text alignwide is-stacked-on-mobile\"><figure class=\"wp-block-media-text__media\"><a href=\"https:\/\/togiya.jp\/dcn\/\"><img data-recalc-dims=\"1\" loading=\"lazy\" decoding=\"async\" width=\"533\" height=\"420\" src=\"https:\/\/i0.wp.com\/togiya.jp\/wp-content\/uploads\/2020\/11\/img_3-4.jpg?resize=533%2C420&#038;ssl=1\" alt=\"\" class=\"wp-image-711 size-full\" srcset=\"https:\/\/i0.wp.com\/togiya.jp\/wp-content\/uploads\/2020\/11\/img_3-4.jpg?w=533&amp;ssl=1 533w, https:\/\/i0.wp.com\/togiya.jp\/wp-content\/uploads\/2020\/11\/img_3-4.jpg?resize=300%2C236&amp;ssl=1 300w\" sizes=\"auto, (max-width: 533px) 100vw, 533px\" \/><\/a><\/figure><div class=\"wp-block-media-text__content\">\n<h4 class=\"wp-block-heading\">DCN-55 DCN-60<\/h4>\n<\/div><\/div>\n\n<hr class=\"wp-block-separator\"\/>\n\n<div class=\"wp-block-media-text alignwide has-media-on-the-right is-stacked-on-mobile\"><figure class=\"wp-block-media-text__media\"><a href=\"https:\/\/togiya.jp\/dcp\/\"><img data-recalc-dims=\"1\" loading=\"lazy\" decoding=\"async\" width=\"601\" height=\"420\" src=\"https:\/\/i0.wp.com\/togiya.jp\/wp-content\/uploads\/2020\/11\/img_4-4.jpg?resize=601%2C420&#038;ssl=1\" alt=\"\" class=\"wp-image-712 size-full\" srcset=\"https:\/\/i0.wp.com\/togiya.jp\/wp-content\/uploads\/2020\/11\/img_4-4.jpg?w=601&amp;ssl=1 601w, https:\/\/i0.wp.com\/togiya.jp\/wp-content\/uploads\/2020\/11\/img_4-4.jpg?resize=300%2C210&amp;ssl=1 300w\" sizes=\"auto, (max-width: 601px) 100vw, 601px\" \/><\/a><\/figure><div class=\"wp-block-media-text__content\">\n<h4 class=\"wp-block-heading\">DCP-50 DCP-55 DCP-60<\/h4>\n<\/div><\/div>\n\n<hr class=\"wp-block-separator\"\/>\n\n<div class=\"wp-block-media-text alignwide is-stacked-on-mobile\"><figure class=\"wp-block-media-text__media\"><a href=\"https:\/\/togiya.jp\/dsos\/\"><img data-recalc-dims=\"1\" loading=\"lazy\" decoding=\"async\" width=\"648\" height=\"420\" src=\"https:\/\/i0.wp.com\/togiya.jp\/wp-content\/uploads\/2020\/11\/img_5-4.jpg?resize=648%2C420&#038;ssl=1\" alt=\"\" class=\"wp-image-713 size-full\" srcset=\"https:\/\/i0.wp.com\/togiya.jp\/wp-content\/uploads\/2020\/11\/img_5-4.jpg?w=648&amp;ssl=1 648w, https:\/\/i0.wp.com\/togiya.jp\/wp-content\/uploads\/2020\/11\/img_5-4.jpg?resize=300%2C194&amp;ssl=1 300w\" sizes=\"auto, (max-width: 648px) 100vw, 648px\" \/><\/a><\/figure><div class=\"wp-block-media-text__content\">\n<h4 class=\"wp-block-heading\">DSO-55S DSO-60S DSO-65S DSO-70S<\/h4>\n<\/div><\/div>\n\n<hr class=\"wp-block-separator\"\/>\n\n<div class=\"wp-block-media-text alignwide has-media-on-the-right is-stacked-on-mobile\"><figure class=\"wp-block-media-text__media\"><a href=\"https:\/\/togiya.jp\/dsw\/\"><img data-recalc-dims=\"1\" loading=\"lazy\" decoding=\"async\" width=\"608\" height=\"420\" src=\"https:\/\/i0.wp.com\/togiya.jp\/wp-content\/uploads\/2020\/11\/img_6-1.png?resize=608%2C420&#038;ssl=1\" alt=\"\" class=\"wp-image-714 size-full\" srcset=\"https:\/\/i0.wp.com\/togiya.jp\/wp-content\/uploads\/2020\/11\/img_6-1.png?w=608&amp;ssl=1 608w, https:\/\/i0.wp.com\/togiya.jp\/wp-content\/uploads\/2020\/11\/img_6-1.png?resize=300%2C207&amp;ssl=1 300w\" sizes=\"auto, (max-width: 608px) 100vw, 608px\" \/><\/a><\/figure><div class=\"wp-block-media-text__content\">\n<h4 class=\"wp-block-heading\">DSW-55 DSW-60<\/h4>\n<\/div><\/div>\n\n<hr class=\"wp-block-separator\"\/>\n\n<div class=\"wp-block-media-text alignwide is-stacked-on-mobile\"><figure class=\"wp-block-media-text__media\"><a href=\"https:\/\/togiya.jp\/dcol\/\"><img data-recalc-dims=\"1\" loading=\"lazy\" decoding=\"async\" width=\"650\" height=\"407\" src=\"https:\/\/i0.wp.com\/togiya.jp\/wp-content\/uploads\/2020\/11\/img_7-4.jpg?resize=650%2C407&#038;ssl=1\" alt=\"\" class=\"wp-image-715 size-full\" srcset=\"https:\/\/i0.wp.com\/togiya.jp\/wp-content\/uploads\/2020\/11\/img_7-4.jpg?w=650&amp;ssl=1 650w, https:\/\/i0.wp.com\/togiya.jp\/wp-content\/uploads\/2020\/11\/img_7-4.jpg?resize=300%2C188&amp;ssl=1 300w\" sizes=\"auto, (max-width: 650px) 100vw, 650px\" \/><\/a><\/figure><div class=\"wp-block-media-text__content\">\n<h4 class=\"wp-block-heading\">DCO-50Lefty DCO-55Lefty DCO-60Lefty<\/h4>\n<\/div><\/div>\n","protected":false},"excerpt":{"rendered":"<p>por Teruo Hattori, que es el artesano que fabrica la serie Designers. Si usted esperaba que las \u00abtijeras con dignidad hermosa\u00bb, ser\u00eda m\u00e1s conocerlo all\u00ed. Tecnolog\u00eda, as\u00ed como la suprema obra de arte se puede hacer como un par de tijeras. Es uno de los pocos artesanos. DCO-50 DCO-55 DCO-60 DCO-65 DSO-50 DSO-55 DSO-60 DCN-55&hellip; <a href=\"https:\/\/togiya.jp\/es\/designers-serie\/\" class=\"more-link\">Seguir leyendo <span class=\"screen-reader-text\">Designers Serie<\/span><\/a><\/p>\n","protected":false},"author":184644402,"featured_media":5269,"parent":0,"menu_order":0,"comment_status":"closed","ping_status":"closed","template":"","meta":{"footnotes":""},"tags":[],"class_list":["post-7450","page","type-page","status-publish","has-post-thumbnail","hentry","without-featured-image"],"jetpack_likes_enabled":true,"jetpack_sharing_enabled":true,"jetpack_shortlink":"https:\/\/wp.me\/PbVGXo-1Wa","_links":{"self":[{"href":"https:\/\/togiya.jp\/es\/wp-json\/wp\/v2\/pages\/7450","targetHints":{"allow":["GET"]}}],"collection":[{"href":"https:\/\/togiya.jp\/es\/wp-json\/wp\/v2\/pages"}],"about":[{"href":"https:\/\/togiya.jp\/es\/wp-json\/wp\/v2\/types\/page"}],"author":[{"embeddable":true,"href":"https:\/\/togiya.jp\/es\/wp-json\/wp\/v2\/users\/184644402"}],"replies":[{"embeddable":true,"href":"https:\/\/togiya.jp\/es\/wp-json\/wp\/v2\/comments?post=7450"}],"version-history":[{"count":1,"href":"https:\/\/togiya.jp\/es\/wp-json\/wp\/v2\/pages\/7450\/revisions"}],"predecessor-version":[{"id":7466,"href":"https:\/\/togiya.jp\/es\/wp-json\/wp\/v2\/pages\/7450\/revisions\/7466"}],"wp:featuredmedia":[{"embeddable":true,"href":"https:\/\/togiya.jp\/es\/wp-json\/wp\/v2\/media\/5269"}],"wp:attachment":[{"href":"https:\/\/togiya.jp\/es\/wp-json\/wp\/v2\/media?parent=7450"}],"wp:term":[{"taxonomy":"post_tag","embeddable":true,"href":"https:\/\/togiya.jp\/es\/wp-json\/wp\/v2\/tags?post=7450"}],"curies":[{"name":"wp","href":"https:\/\/api.w.org\/{rel}","templated":true}]}}