{"id":7637,"date":"2020-04-23T22:42:53","date_gmt":"2020-04-23T13:42:53","guid":{"rendered":"https:\/\/togiya.jp\/kicho-serie\/"},"modified":"2023-06-15T17:37:45","modified_gmt":"2023-06-15T08:37:45","slug":"kicho-serie","status":"publish","type":"page","link":"https:\/\/togiya.jp\/es\/kicho-serie\/","title":{"rendered":"Kicho Serie"},"content":{"rendered":"\n<div class=\"wp-block-cover has-background-dim\"><img data-recalc-dims=\"1\" loading=\"lazy\" decoding=\"async\" width=\"300\" height=\"400\" class=\"wp-block-cover__image-background wp-image-759\" alt=\"\" src=\"https:\/\/i0.wp.com\/togiya.jp\/wp-content\/uploads\/2020\/11\/img_1b-6.jpg?resize=300%2C400&#038;ssl=1\" data-object-fit=\"cover\" srcset=\"https:\/\/i0.wp.com\/togiya.jp\/wp-content\/uploads\/2020\/11\/img_1b-6.jpg?w=300&amp;ssl=1 300w, https:\/\/i0.wp.com\/togiya.jp\/wp-content\/uploads\/2020\/11\/img_1b-6.jpg?resize=225%2C300&amp;ssl=1 225w\" sizes=\"auto, (max-width: 300px) 100vw, 300px\" \/><div class=\"wp-block-cover__inner-container is-layout-flow wp-block-cover-is-layout-flow\">\n<h2 class=\"wp-block-heading\">Maestro Makoto Takahashi<\/h2>\n<\/div><\/div>\n\n<blockquote class=\"wp-block-quote is-layout-flow wp-block-quote-is-layout-flow\"><p>de Makoto Takahashi, que es el art\u00edfice de la serie Talento.<\/p><cite>Carrera de m\u00e1s de 40 a\u00f1os, hab\u00eda construido un par de tijeras de los fundamentos de las tijeras TOGIYA. Y conoce todas las tijeras, ahora se ha convertido en un profesional de tijeras de acabado m\u00e1s fino de Jap\u00f3n, sino que tambi\u00e9n est\u00e1 en condiciones de plantear un sucesor. \u00c9l es un tijeras tecnolog\u00eda existencia \u00abDios\u00bb de la industria japonesa tijeras, la gente se llama \u00abMano de Dios\u00bb sus habilidades. Una vez que los peluqueros han utilizado un par de tijeras de su acabado, no pueden utilizar las otras tijeras.   <\/cite><\/blockquote>\n\n<hr class=\"wp-block-separator\"\/>\n\n<div class=\"wp-block-media-text alignwide is-stacked-on-mobile\"><figure class=\"wp-block-media-text__media\"><a href=\"https:\/\/togiya.jp\/ksc\/\"><img data-recalc-dims=\"1\" loading=\"lazy\" decoding=\"async\" width=\"782\" height=\"420\" src=\"https:\/\/i0.wp.com\/togiya.jp\/wp-content\/uploads\/2020\/11\/img_1.png?resize=782%2C420&#038;ssl=1\" alt=\"\" class=\"wp-image-760 size-full\" srcset=\"https:\/\/i0.wp.com\/togiya.jp\/wp-content\/uploads\/2020\/11\/img_1.png?w=782&amp;ssl=1 782w, https:\/\/i0.wp.com\/togiya.jp\/wp-content\/uploads\/2020\/11\/img_1.png?resize=300%2C161&amp;ssl=1 300w, https:\/\/i0.wp.com\/togiya.jp\/wp-content\/uploads\/2020\/11\/img_1.png?resize=768%2C412&amp;ssl=1 768w\" sizes=\"auto, (max-width: 782px) 100vw, 782px\" \/><\/a><\/figure><div class=\"wp-block-media-text__content\">\n<h4 class=\"wp-block-heading\">KSC-50 KSC-55 KSC-60 KSC-65 KSC-70<\/h4>\n<\/div><\/div>\n","protected":false},"excerpt":{"rendered":"<p>de Makoto Takahashi, que es el art\u00edfice de la serie Talento. Carrera de m\u00e1s de 40 a\u00f1os, hab\u00eda construido un par de tijeras de los fundamentos de las tijeras TOGIYA. Y conoce todas las tijeras, ahora se ha convertido en un profesional de tijeras de acabado m\u00e1s fino de Jap\u00f3n, sino que tambi\u00e9n est\u00e1 en&hellip; <a href=\"https:\/\/togiya.jp\/es\/kicho-serie\/\" class=\"more-link\">Seguir leyendo <span class=\"screen-reader-text\">Kicho Serie<\/span><\/a><\/p>\n","protected":false},"author":184644402,"featured_media":5261,"parent":0,"menu_order":0,"comment_status":"closed","ping_status":"closed","template":"","meta":{"jetpack_post_was_ever_published":false,"footnotes":""},"tags":[],"class_list":["post-7637","page","type-page","status-publish","has-post-thumbnail","hentry","without-featured-image"],"jetpack_likes_enabled":true,"jetpack_sharing_enabled":true,"jetpack_shortlink":"https:\/\/wp.me\/PbVGXo-1Zb","_links":{"self":[{"href":"https:\/\/togiya.jp\/es\/wp-json\/wp\/v2\/pages\/7637","targetHints":{"allow":["GET"]}}],"collection":[{"href":"https:\/\/togiya.jp\/es\/wp-json\/wp\/v2\/pages"}],"about":[{"href":"https:\/\/togiya.jp\/es\/wp-json\/wp\/v2\/types\/page"}],"author":[{"embeddable":true,"href":"https:\/\/togiya.jp\/es\/wp-json\/wp\/v2\/users\/184644402"}],"replies":[{"embeddable":true,"href":"https:\/\/togiya.jp\/es\/wp-json\/wp\/v2\/comments?post=7637"}],"version-history":[{"count":1,"href":"https:\/\/togiya.jp\/es\/wp-json\/wp\/v2\/pages\/7637\/revisions"}],"predecessor-version":[{"id":7653,"href":"https:\/\/togiya.jp\/es\/wp-json\/wp\/v2\/pages\/7637\/revisions\/7653"}],"wp:featuredmedia":[{"embeddable":true,"href":"https:\/\/togiya.jp\/es\/wp-json\/wp\/v2\/media\/5261"}],"wp:attachment":[{"href":"https:\/\/togiya.jp\/es\/wp-json\/wp\/v2\/media?parent=7637"}],"wp:term":[{"taxonomy":"post_tag","embeddable":true,"href":"https:\/\/togiya.jp\/es\/wp-json\/wp\/v2\/tags?post=7637"}],"curies":[{"name":"wp","href":"https:\/\/api.w.org\/{rel}","templated":true}]}}