{"id":6989,"date":"2020-04-23T22:42:42","date_gmt":"2020-04-23T13:42:42","guid":{"rendered":"https:\/\/togiya.jp\/art-collection-%e2%85%b1-serie\/"},"modified":"2023-06-15T16:01:09","modified_gmt":"2023-06-15T07:01:09","slug":"art-collection-%e2%85%b1-serie","status":"publish","type":"page","link":"https:\/\/togiya.jp\/fr\/art-collection-%e2%85%b1-serie\/","title":{"rendered":"Art Collection \u2161 S\u00e9rie"},"content":{"rendered":"\n<div class=\"wp-block-cover\"><span aria-hidden=\"true\" class=\"wp-block-cover__gradient-background has-background-dim\"><\/span><img data-recalc-dims=\"1\" loading=\"lazy\" decoding=\"async\" width=\"300\" height=\"400\" class=\"wp-block-cover__image-background wp-image-732\" alt=\"\" src=\"https:\/\/i0.wp.com\/togiya.jp\/wp-content\/uploads\/2020\/11\/img_1b-4.jpg?resize=300%2C400&#038;ssl=1\" data-object-fit=\"cover\" srcset=\"https:\/\/i0.wp.com\/togiya.jp\/wp-content\/uploads\/2020\/11\/img_1b-4.jpg?w=300&amp;ssl=1 300w, https:\/\/i0.wp.com\/togiya.jp\/wp-content\/uploads\/2020\/11\/img_1b-4.jpg?resize=225%2C300&amp;ssl=1 225w\" sizes=\"auto, (max-width: 300px) 100vw, 300px\" \/><div class=\"wp-block-cover__inner-container is-layout-flow wp-block-cover-is-layout-flow\">\n<h2 class=\"wp-block-heading\">Ma\u00eetre Shinichi Mori<\/h2>\n<\/div><\/div>\n\n<blockquote class=\"wp-block-quote is-layout-flow wp-block-quote-is-layout-flow\"><p>par Shinichi Mori, l&rsquo;artisan de la s\u00e9rie Art Collection.<\/p><cite>Au cours de sa carri\u00e8re de plus de 40 ans, il a construit une paire de ciseaux \u00e0 partir des bases des ciseaux TOGIYA. Il conna\u00eet tous les ciseaux et est devenu un professionnel de la finition des ciseaux japonais les plus raffin\u00e9s, et il est \u00e9galement en mesure d&rsquo;\u00e9lever un successeur. Il est un \u00ab\u00a0Dieu\u00a0\u00bb de l&rsquo;industrie japonaise des ciseaux, les gens l&rsquo;appellent \u00ab\u00a0la main de Dieu\u00a0\u00bb pour ses comp\u00e9tences. Une fois que les coiffeurs ont utilis\u00e9 une paire de ciseaux de son cru, ils ne peuvent plus utiliser d&rsquo;autres ciseaux.   <\/cite><\/blockquote>\n\n<hr class=\"wp-block-separator\"\/>\n\n<div class=\"wp-block-media-text alignwide is-stacked-on-mobile\"><figure class=\"wp-block-media-text__media\"><a href=\"https:\/\/togiya.jp\/aso\/\"><img data-recalc-dims=\"1\" loading=\"lazy\" decoding=\"async\" width=\"630\" height=\"420\" src=\"https:\/\/i0.wp.com\/togiya.jp\/wp-content\/uploads\/2020\/11\/img_1-8.jpg?resize=630%2C420&#038;ssl=1\" alt=\"\" class=\"wp-image-734 size-full\" srcset=\"https:\/\/i0.wp.com\/togiya.jp\/wp-content\/uploads\/2020\/11\/img_1-8.jpg?w=630&amp;ssl=1 630w, https:\/\/i0.wp.com\/togiya.jp\/wp-content\/uploads\/2020\/11\/img_1-8.jpg?resize=300%2C200&amp;ssl=1 300w\" sizes=\"auto, (max-width: 630px) 100vw, 630px\" \/><\/a><\/figure><div class=\"wp-block-media-text__content\">\n<h4 class=\"wp-block-heading\"><strong>ASO-55 ASO-60<\/strong><\/h4>\n<\/div><\/div>\n\n<hr class=\"wp-block-separator\"\/>\n\n<div class=\"wp-block-media-text alignwide has-media-on-the-right is-stacked-on-mobile\"><figure class=\"wp-block-media-text__media\"><a href=\"https:\/\/togiya.jp\/atw\/\"><img data-recalc-dims=\"1\" loading=\"lazy\" decoding=\"async\" width=\"613\" height=\"420\" src=\"https:\/\/i0.wp.com\/togiya.jp\/wp-content\/uploads\/2020\/11\/img_2-6.jpg?resize=613%2C420&#038;ssl=1\" alt=\"\" class=\"wp-image-735 size-full\" srcset=\"https:\/\/i0.wp.com\/togiya.jp\/wp-content\/uploads\/2020\/11\/img_2-6.jpg?w=613&amp;ssl=1 613w, https:\/\/i0.wp.com\/togiya.jp\/wp-content\/uploads\/2020\/11\/img_2-6.jpg?resize=300%2C206&amp;ssl=1 300w\" sizes=\"auto, (max-width: 613px) 100vw, 613px\" \/><\/a><\/figure><div class=\"wp-block-media-text__content\">\n<h4 class=\"wp-block-heading\"><strong>ATW-55 ATW-60 ATW-65 ATW-70<\/strong><\/h4>\n<\/div><\/div>\n\n<hr class=\"wp-block-separator\"\/>\n\n<div class=\"wp-block-media-text alignwide is-stacked-on-mobile\"><figure class=\"wp-block-media-text__media\"><a href=\"https:\/\/togiya.jp\/atd\/\"><img data-recalc-dims=\"1\" loading=\"lazy\" decoding=\"async\" width=\"423\" height=\"420\" src=\"https:\/\/i0.wp.com\/togiya.jp\/wp-content\/uploads\/2020\/11\/img_3-6.jpg?resize=423%2C420&#038;ssl=1\" alt=\"\" class=\"wp-image-736 size-full\" srcset=\"https:\/\/i0.wp.com\/togiya.jp\/wp-content\/uploads\/2020\/11\/img_3-6.jpg?w=423&amp;ssl=1 423w, https:\/\/i0.wp.com\/togiya.jp\/wp-content\/uploads\/2020\/11\/img_3-6.jpg?resize=300%2C298&amp;ssl=1 300w, https:\/\/i0.wp.com\/togiya.jp\/wp-content\/uploads\/2020\/11\/img_3-6.jpg?resize=150%2C150&amp;ssl=1 150w\" sizes=\"auto, (max-width: 423px) 100vw, 423px\" \/><\/a><\/figure><div class=\"wp-block-media-text__content\">\n<h4 class=\"wp-block-heading\"><strong>ATD-570 ATD-620<\/strong><\/h4>\n<\/div><\/div>\n\n<hr class=\"wp-block-separator\"\/>\n\n<div class=\"wp-block-media-text alignwide has-media-on-the-right is-stacked-on-mobile\"><figure class=\"wp-block-media-text__media\"><a href=\"https:\/\/togiya.jp\/allure\/\"><img data-recalc-dims=\"1\" loading=\"lazy\" decoding=\"async\" width=\"650\" height=\"415\" src=\"https:\/\/i0.wp.com\/togiya.jp\/wp-content\/uploads\/2020\/11\/img_4-6.jpg?resize=650%2C415&#038;ssl=1\" alt=\"\" class=\"wp-image-737 size-full\" srcset=\"https:\/\/i0.wp.com\/togiya.jp\/wp-content\/uploads\/2020\/11\/img_4-6.jpg?w=650&amp;ssl=1 650w, https:\/\/i0.wp.com\/togiya.jp\/wp-content\/uploads\/2020\/11\/img_4-6.jpg?resize=300%2C192&amp;ssl=1 300w\" sizes=\"auto, (max-width: 650px) 100vw, 650px\" \/><\/a><\/figure><div class=\"wp-block-media-text__content\">\n<h4 class=\"wp-block-heading\"><strong>Allure-55 Allure-60 Allure-65<\/strong><\/h4>\n<\/div><\/div>\n\n<hr class=\"wp-block-separator\"\/>\n\n<div class=\"wp-block-media-text alignwide is-stacked-on-mobile\"><figure class=\"wp-block-media-text__media\"><a href=\"https:\/\/togiya.jp\/aib\/\"><img data-recalc-dims=\"1\" loading=\"lazy\" decoding=\"async\" width=\"630\" height=\"420\" src=\"https:\/\/i0.wp.com\/togiya.jp\/wp-content\/uploads\/2020\/11\/img_5-7.jpg?resize=630%2C420&#038;ssl=1\" alt=\"\" class=\"wp-image-738 size-full\" srcset=\"https:\/\/i0.wp.com\/togiya.jp\/wp-content\/uploads\/2020\/11\/img_5-7.jpg?w=630&amp;ssl=1 630w, https:\/\/i0.wp.com\/togiya.jp\/wp-content\/uploads\/2020\/11\/img_5-7.jpg?resize=300%2C200&amp;ssl=1 300w\" sizes=\"auto, (max-width: 630px) 100vw, 630px\" \/><\/a><\/figure><div class=\"wp-block-media-text__content\">\n<h4 class=\"wp-block-heading\"><strong>AIB-55 AIB-60<\/strong><\/h4>\n<\/div><\/div>\n\n<hr class=\"wp-block-separator\"\/>\n\n<div class=\"wp-block-media-text alignwide has-media-on-the-right is-stacked-on-mobile\"><figure class=\"wp-block-media-text__media\"><a href=\"https:\/\/togiya.jp\/loop\/\"><img data-recalc-dims=\"1\" loading=\"lazy\" decoding=\"async\" width=\"613\" height=\"420\" src=\"https:\/\/i0.wp.com\/togiya.jp\/wp-content\/uploads\/2020\/11\/img_6-4.jpg?resize=613%2C420&#038;ssl=1\" alt=\"\" class=\"wp-image-739 size-full\" srcset=\"https:\/\/i0.wp.com\/togiya.jp\/wp-content\/uploads\/2020\/11\/img_6-4.jpg?w=613&amp;ssl=1 613w, https:\/\/i0.wp.com\/togiya.jp\/wp-content\/uploads\/2020\/11\/img_6-4.jpg?resize=300%2C206&amp;ssl=1 300w\" sizes=\"auto, (max-width: 613px) 100vw, 613px\" \/><\/a><\/figure><div class=\"wp-block-media-text__content\">\n<h4 class=\"wp-block-heading\"><strong>Loop-55 Loop-60<\/strong><\/h4>\n<\/div><\/div>\n\n<hr class=\"wp-block-separator\"\/>\n\n<div class=\"wp-block-media-text alignwide is-stacked-on-mobile\"><figure class=\"wp-block-media-text__media\"><a href=\"https:\/\/togiya.jp\/hsp\/\"><img data-recalc-dims=\"1\" loading=\"lazy\" decoding=\"async\" width=\"632\" height=\"420\" src=\"https:\/\/i0.wp.com\/togiya.jp\/wp-content\/uploads\/2020\/11\/img_7-6.jpg?resize=632%2C420&#038;ssl=1\" alt=\"\" class=\"wp-image-740 size-full\" srcset=\"https:\/\/i0.wp.com\/togiya.jp\/wp-content\/uploads\/2020\/11\/img_7-6.jpg?w=632&amp;ssl=1 632w, https:\/\/i0.wp.com\/togiya.jp\/wp-content\/uploads\/2020\/11\/img_7-6.jpg?resize=300%2C199&amp;ssl=1 300w\" sizes=\"auto, (max-width: 632px) 100vw, 632px\" \/><\/a><\/figure><div class=\"wp-block-media-text__content\">\n<h4 class=\"wp-block-heading\"><strong>HSP-53 HSP-58 HSP-63 HSP-68 <\/strong><\/h4>\n<\/div><\/div>\n\n<hr class=\"wp-block-separator\"\/>\n\n<div class=\"wp-block-media-text alignwide has-media-on-the-right is-stacked-on-mobile\"><figure class=\"wp-block-media-text__media\"><a href=\"https:\/\/togiya.jp\/hsg\/\"><img data-recalc-dims=\"1\" loading=\"lazy\" decoding=\"async\" width=\"630\" height=\"420\" src=\"https:\/\/i0.wp.com\/togiya.jp\/wp-content\/uploads\/2020\/11\/img_8-2.png?resize=630%2C420&#038;ssl=1\" alt=\"\" class=\"wp-image-741 size-full\" srcset=\"https:\/\/i0.wp.com\/togiya.jp\/wp-content\/uploads\/2020\/11\/img_8-2.png?w=630&amp;ssl=1 630w, https:\/\/i0.wp.com\/togiya.jp\/wp-content\/uploads\/2020\/11\/img_8-2.png?resize=300%2C200&amp;ssl=1 300w\" sizes=\"auto, (max-width: 630px) 100vw, 630px\" \/><\/a><\/figure><div class=\"wp-block-media-text__content\">\n<h4 class=\"wp-block-heading\"><strong>HSG-55 HSG-60 HSG-65 HSG-70<\/strong><\/h4>\n<\/div><\/div>\n\n<hr class=\"wp-block-separator\"\/>\n\n<div class=\"wp-block-media-text alignwide is-stacked-on-mobile\"><figure class=\"wp-block-media-text__media\"><a href=\"https:\/\/togiya.jp\/bolero\/\"><img data-recalc-dims=\"1\" loading=\"lazy\" decoding=\"async\" width=\"600\" height=\"404\" src=\"https:\/\/i0.wp.com\/togiya.jp\/wp-content\/uploads\/2020\/11\/img_9.jpg?resize=600%2C404&#038;ssl=1\" alt=\"\" class=\"wp-image-742 size-full\" srcset=\"https:\/\/i0.wp.com\/togiya.jp\/wp-content\/uploads\/2020\/11\/img_9.jpg?w=600&amp;ssl=1 600w, https:\/\/i0.wp.com\/togiya.jp\/wp-content\/uploads\/2020\/11\/img_9.jpg?resize=300%2C202&amp;ssl=1 300w\" sizes=\"auto, (max-width: 600px) 100vw, 600px\" \/><\/a><\/figure><div class=\"wp-block-media-text__content\">\n<h4 class=\"wp-block-heading\"><strong>Bolero-570 Bolero-620<\/strong><\/h4>\n<\/div><\/div>\n\n<hr class=\"wp-block-separator\"\/>\n\n<div class=\"wp-block-media-text alignwide has-media-on-the-right is-stacked-on-mobile\"><figure class=\"wp-block-media-text__media\"><a href=\"https:\/\/togiya.jp\/hsb\/\"><img data-recalc-dims=\"1\" loading=\"lazy\" decoding=\"async\" width=\"1024\" height=\"513\" src=\"https:\/\/i0.wp.com\/togiya.jp\/wp-content\/uploads\/2022\/04\/HSB.jpg?resize=1024%2C513&#038;ssl=1\" alt=\"HSB\" class=\"wp-image-2357 size-full\" srcset=\"https:\/\/i0.wp.com\/togiya.jp\/wp-content\/uploads\/2022\/04\/HSB.jpg?resize=1024%2C513&amp;ssl=1 1024w, https:\/\/i0.wp.com\/togiya.jp\/wp-content\/uploads\/2022\/04\/HSB.jpg?resize=300%2C150&amp;ssl=1 300w, https:\/\/i0.wp.com\/togiya.jp\/wp-content\/uploads\/2022\/04\/HSB.jpg?resize=768%2C385&amp;ssl=1 768w, https:\/\/i0.wp.com\/togiya.jp\/wp-content\/uploads\/2022\/04\/HSB.jpg?resize=1536%2C770&amp;ssl=1 1536w, https:\/\/i0.wp.com\/togiya.jp\/wp-content\/uploads\/2022\/04\/HSB.jpg?resize=2048%2C1026&amp;ssl=1 2048w\" sizes=\"auto, (max-width: 1024px) 100vw, 1024px\" \/><\/a><\/figure><div class=\"wp-block-media-text__content\">\n<p class=\"has-medium-font-size\"><strong>HSB-60 HSB-70<\/strong><\/p>\n<\/div><\/div>\n\n<p><\/p>\n","protected":false},"excerpt":{"rendered":"<p>par Shinichi Mori, l&rsquo;artisan de la s\u00e9rie Art Collection. Au cours de sa carri\u00e8re de plus de 40 ans, il a construit une paire de ciseaux \u00e0 partir des bases des ciseaux TOGIYA. Il conna\u00eet tous les ciseaux et est devenu un professionnel de la finition des ciseaux japonais les plus raffin\u00e9s, et il est&hellip; <a href=\"https:\/\/togiya.jp\/fr\/art-collection-%e2%85%b1-serie\/\" class=\"more-link\">Lire la suite <span class=\"screen-reader-text\">Art Collection \u2161 S\u00e9rie<\/span><\/a><\/p>\n","protected":false},"author":184644402,"featured_media":4109,"parent":0,"menu_order":0,"comment_status":"closed","ping_status":"closed","template":"","meta":{"footnotes":""},"tags":[],"class_list":["post-6989","page","type-page","status-publish","has-post-thumbnail","hentry","without-featured-image"],"jetpack_likes_enabled":true,"jetpack_sharing_enabled":true,"jetpack_shortlink":"https:\/\/wp.me\/PbVGXo-1OJ","_links":{"self":[{"href":"https:\/\/togiya.jp\/fr\/wp-json\/wp\/v2\/pages\/6989","targetHints":{"allow":["GET"]}}],"collection":[{"href":"https:\/\/togiya.jp\/fr\/wp-json\/wp\/v2\/pages"}],"about":[{"href":"https:\/\/togiya.jp\/fr\/wp-json\/wp\/v2\/types\/page"}],"author":[{"embeddable":true,"href":"https:\/\/togiya.jp\/fr\/wp-json\/wp\/v2\/users\/184644402"}],"replies":[{"embeddable":true,"href":"https:\/\/togiya.jp\/fr\/wp-json\/wp\/v2\/comments?post=6989"}],"version-history":[{"count":1,"href":"https:\/\/togiya.jp\/fr\/wp-json\/wp\/v2\/pages\/6989\/revisions"}],"predecessor-version":[{"id":7005,"href":"https:\/\/togiya.jp\/fr\/wp-json\/wp\/v2\/pages\/6989\/revisions\/7005"}],"wp:featuredmedia":[{"embeddable":true,"href":"https:\/\/togiya.jp\/fr\/wp-json\/wp\/v2\/media\/4109"}],"wp:attachment":[{"href":"https:\/\/togiya.jp\/fr\/wp-json\/wp\/v2\/media?parent=6989"}],"wp:term":[{"taxonomy":"post_tag","embeddable":true,"href":"https:\/\/togiya.jp\/fr\/wp-json\/wp\/v2\/tags?post=6989"}],"curies":[{"name":"wp","href":"https:\/\/api.w.org\/{rel}","templated":true}]}}