{"id":7433,"date":"2020-04-23T22:42:21","date_gmt":"2020-04-23T13:42:21","guid":{"rendered":"https:\/\/togiya.jp\/maximum-serie\/"},"modified":"2023-06-15T17:03:43","modified_gmt":"2023-06-15T08:03:43","slug":"maximum-serie","status":"publish","type":"page","link":"https:\/\/togiya.jp\/fr\/maximum-serie\/","title":{"rendered":"Maximum serie"},"content":{"rendered":"\n<div class=\"wp-block-cover\"><span aria-hidden=\"true\" class=\"wp-block-cover__background has-background-dim\"><\/span><img data-recalc-dims=\"1\" loading=\"lazy\" decoding=\"async\" width=\"300\" height=\"400\" class=\"wp-block-cover__image-background wp-image-693\" alt=\"\" src=\"https:\/\/i0.wp.com\/togiya.jp\/wp-content\/uploads\/2020\/11\/img_1b.jpg?resize=300%2C400&#038;ssl=1\" data-object-fit=\"cover\" srcset=\"https:\/\/i0.wp.com\/togiya.jp\/wp-content\/uploads\/2020\/11\/img_1b.jpg?w=300&amp;ssl=1 300w, https:\/\/i0.wp.com\/togiya.jp\/wp-content\/uploads\/2020\/11\/img_1b.jpg?resize=225%2C300&amp;ssl=1 225w\" sizes=\"auto, (max-width: 300px) 100vw, 300px\" \/><div class=\"wp-block-cover__inner-container is-layout-flow wp-block-cover-is-layout-flow\">\n<h2 class=\"wp-block-heading\">Ma\u00eetre Tomoo Yasuda<\/h2>\n<\/div><\/div>\n\n<blockquote class=\"wp-block-quote is-layout-flow wp-block-quote-is-layout-flow\">\n<p>par Tomoo Yasuda qui est l&rsquo;artisan de la s\u00e9rie Maximum.<\/p>\n<cite>Sa connaissance approfondie du mat\u00e9riau des ciseaux, son aff\u00fbtage qui peut r\u00e9pondre \u00e0 une vari\u00e9t\u00e9 de clients de la coupe. Il est soutenu par de nombreux coiffeurs, les ciseaux qu&rsquo;il produit, il y a eu une pr\u00e9sence charismatique des ciseaux artisanaux. <\/cite><\/blockquote>\n\n<hr class=\"wp-block-separator has-css-opacity\"\/>\n\n<div class=\"wp-block-media-text alignwide is-stacked-on-mobile\"><figure class=\"wp-block-media-text__media\"><a href=\"https:\/\/togiya.jp\/mkc\/\"><img data-recalc-dims=\"1\" loading=\"lazy\" decoding=\"async\" width=\"515\" height=\"420\" src=\"https:\/\/i0.wp.com\/togiya.jp\/wp-content\/uploads\/2020\/11\/img_1-4.jpg?resize=515%2C420&#038;ssl=1\" alt=\"\" class=\"wp-image-694 size-full\" srcset=\"https:\/\/i0.wp.com\/togiya.jp\/wp-content\/uploads\/2020\/11\/img_1-4.jpg?w=515&amp;ssl=1 515w, https:\/\/i0.wp.com\/togiya.jp\/wp-content\/uploads\/2020\/11\/img_1-4.jpg?resize=300%2C245&amp;ssl=1 300w\" sizes=\"auto, (max-width: 515px) 100vw, 515px\" \/><\/a><\/figure><div class=\"wp-block-media-text__content\">\n<h4 class=\"wp-block-heading\">MKC-55 MKC-60<\/h4>\n<\/div><\/div>\n\n<hr class=\"wp-block-separator has-css-opacity\"\/>\n\n<div class=\"wp-block-media-text alignwide has-media-on-the-right is-stacked-on-mobile\"><div class=\"wp-block-media-text__content\">\n<h4 class=\"wp-block-heading\">MKS-55 MKS-60<\/h4>\n<\/div><figure class=\"wp-block-media-text__media\"><a href=\"https:\/\/togiya.jp\/mks\/\"><img data-recalc-dims=\"1\" loading=\"lazy\" decoding=\"async\" width=\"498\" height=\"420\" src=\"https:\/\/i0.wp.com\/togiya.jp\/wp-content\/uploads\/2020\/11\/img_2-3.jpg?resize=498%2C420&#038;ssl=1\" alt=\"\" class=\"wp-image-695 size-full\" srcset=\"https:\/\/i0.wp.com\/togiya.jp\/wp-content\/uploads\/2020\/11\/img_2-3.jpg?w=498&amp;ssl=1 498w, https:\/\/i0.wp.com\/togiya.jp\/wp-content\/uploads\/2020\/11\/img_2-3.jpg?resize=300%2C253&amp;ssl=1 300w\" sizes=\"auto, (max-width: 498px) 100vw, 498px\" \/><\/a><\/figure><\/div>\n\n<hr class=\"wp-block-separator has-css-opacity\"\/>\n\n<div class=\"wp-block-media-text alignwide is-stacked-on-mobile\"><figure class=\"wp-block-media-text__media\"><a href=\"https:\/\/togiya.jp\/mhc\/\"><img data-recalc-dims=\"1\" loading=\"lazy\" decoding=\"async\" width=\"599\" height=\"420\" src=\"https:\/\/i0.wp.com\/togiya.jp\/wp-content\/uploads\/2020\/11\/img_3-3.jpg?resize=599%2C420&#038;ssl=1\" alt=\"\" class=\"wp-image-696 size-full\" srcset=\"https:\/\/i0.wp.com\/togiya.jp\/wp-content\/uploads\/2020\/11\/img_3-3.jpg?w=599&amp;ssl=1 599w, https:\/\/i0.wp.com\/togiya.jp\/wp-content\/uploads\/2020\/11\/img_3-3.jpg?resize=300%2C210&amp;ssl=1 300w\" sizes=\"auto, (max-width: 599px) 100vw, 599px\" \/><\/a><\/figure><div class=\"wp-block-media-text__content\">\n<h4 class=\"wp-block-heading\">MHC-55 MHC-60<\/h4>\n<\/div><\/div>\n\n<hr class=\"wp-block-separator has-css-opacity\"\/>\n\n<div class=\"wp-block-media-text alignwide has-media-on-the-right is-stacked-on-mobile\"><div class=\"wp-block-media-text__content\">\n<h4 class=\"wp-block-heading\">MHS-55 MHS-60<\/h4>\n<\/div><figure class=\"wp-block-media-text__media\"><a href=\"https:\/\/togiya.jp\/mhs\/\"><img data-recalc-dims=\"1\" loading=\"lazy\" decoding=\"async\" width=\"602\" height=\"420\" src=\"https:\/\/i0.wp.com\/togiya.jp\/wp-content\/uploads\/2020\/11\/img_4-3.jpg?resize=602%2C420&#038;ssl=1\" alt=\"\" class=\"wp-image-697 size-full\" srcset=\"https:\/\/i0.wp.com\/togiya.jp\/wp-content\/uploads\/2020\/11\/img_4-3.jpg?w=602&amp;ssl=1 602w, https:\/\/i0.wp.com\/togiya.jp\/wp-content\/uploads\/2020\/11\/img_4-3.jpg?resize=300%2C209&amp;ssl=1 300w\" sizes=\"auto, (max-width: 602px) 100vw, 602px\" \/><\/a><\/figure><\/div>\n\n<hr class=\"wp-block-separator has-css-opacity\"\/>\n\n<div class=\"wp-block-media-text alignwide is-stacked-on-mobile\"><figure class=\"wp-block-media-text__media\"><a href=\"https:\/\/togiya.jp\/mfc\/\"><img data-recalc-dims=\"1\" loading=\"lazy\" decoding=\"async\" width=\"595\" height=\"420\" src=\"https:\/\/i0.wp.com\/togiya.jp\/wp-content\/uploads\/2020\/11\/img_5-3.jpg?resize=595%2C420&#038;ssl=1\" alt=\"\" class=\"wp-image-698 size-full\" srcset=\"https:\/\/i0.wp.com\/togiya.jp\/wp-content\/uploads\/2020\/11\/img_5-3.jpg?w=595&amp;ssl=1 595w, https:\/\/i0.wp.com\/togiya.jp\/wp-content\/uploads\/2020\/11\/img_5-3.jpg?resize=300%2C212&amp;ssl=1 300w\" sizes=\"auto, (max-width: 595px) 100vw, 595px\" \/><\/a><\/figure><div class=\"wp-block-media-text__content\">\n<h4 class=\"wp-block-heading\">MFC-55S MFC-60S<\/h4>\n<\/div><\/div>\n\n<hr class=\"wp-block-separator has-css-opacity\"\/>\n\n<div class=\"wp-block-media-text alignwide has-media-on-the-right is-stacked-on-mobile\"><div class=\"wp-block-media-text__content\">\n<h4 class=\"wp-block-heading\">Melody-55 Melody-60<\/h4>\n<\/div><figure class=\"wp-block-media-text__media\"><a href=\"https:\/\/togiya.jp\/melody\/\"><img data-recalc-dims=\"1\" loading=\"lazy\" decoding=\"async\" width=\"650\" height=\"411\" src=\"https:\/\/i0.wp.com\/togiya.jp\/wp-content\/uploads\/2020\/11\/img_6.png?resize=650%2C411&#038;ssl=1\" alt=\"\" class=\"wp-image-699 size-full\" srcset=\"https:\/\/i0.wp.com\/togiya.jp\/wp-content\/uploads\/2020\/11\/img_6.png?w=650&amp;ssl=1 650w, https:\/\/i0.wp.com\/togiya.jp\/wp-content\/uploads\/2020\/11\/img_6.png?resize=300%2C190&amp;ssl=1 300w\" sizes=\"auto, (max-width: 650px) 100vw, 650px\" \/><\/a><\/figure><\/div>\n\n<hr class=\"wp-block-separator has-css-opacity\"\/>\n\n<div class=\"wp-block-media-text alignwide is-stacked-on-mobile\"><figure class=\"wp-block-media-text__media\"><a href=\"https:\/\/togiya.jp\/mkcl\/\"><img data-recalc-dims=\"1\" loading=\"lazy\" decoding=\"async\" width=\"515\" height=\"420\" src=\"https:\/\/i0.wp.com\/togiya.jp\/wp-content\/uploads\/2020\/11\/img_7-3.jpg?resize=515%2C420&#038;ssl=1\" alt=\"\" class=\"wp-image-700 size-full\" srcset=\"https:\/\/i0.wp.com\/togiya.jp\/wp-content\/uploads\/2020\/11\/img_7-3.jpg?w=515&amp;ssl=1 515w, https:\/\/i0.wp.com\/togiya.jp\/wp-content\/uploads\/2020\/11\/img_7-3.jpg?resize=300%2C245&amp;ssl=1 300w\" sizes=\"auto, (max-width: 515px) 100vw, 515px\" \/><\/a><\/figure><div class=\"wp-block-media-text__content\">\n<h4 class=\"wp-block-heading\">MKC-55Lefty MKC-60Lefty MKC-70Lefty<\/h4>\n<\/div><\/div>\n\n<hr class=\"wp-block-separator has-css-opacity\"\/>\n\n<div class=\"wp-block-media-text alignwide has-media-on-the-right is-stacked-on-mobile\"><div class=\"wp-block-media-text__content\">\n<h4 class=\"wp-block-heading\">MKS-55Lefty<\/h4>\n<\/div><figure class=\"wp-block-media-text__media\"><a href=\"https:\/\/togiya.jp\/mksl\/\"><img data-recalc-dims=\"1\" loading=\"lazy\" decoding=\"async\" width=\"521\" height=\"420\" src=\"https:\/\/i0.wp.com\/togiya.jp\/wp-content\/uploads\/2020\/11\/img_8-1.png?resize=521%2C420&#038;ssl=1\" alt=\"\" class=\"wp-image-701 size-full\" srcset=\"https:\/\/i0.wp.com\/togiya.jp\/wp-content\/uploads\/2020\/11\/img_8-1.png?w=521&amp;ssl=1 521w, https:\/\/i0.wp.com\/togiya.jp\/wp-content\/uploads\/2020\/11\/img_8-1.png?resize=300%2C242&amp;ssl=1 300w\" sizes=\"auto, (max-width: 521px) 100vw, 521px\" \/><\/a><\/figure><\/div>\n\n<hr class=\"wp-block-separator has-css-opacity\"\/>\n\n<div class=\"wp-block-media-text alignwide is-stacked-on-mobile\"><figure class=\"wp-block-media-text__media\"><a href=\"https:\/\/togiya.jp\/mkt\/\"><img data-recalc-dims=\"1\" loading=\"lazy\" decoding=\"async\" width=\"507\" height=\"420\" src=\"https:\/\/i0.wp.com\/togiya.jp\/wp-content\/uploads\/2020\/11\/img_10.png?resize=507%2C420&#038;ssl=1\" alt=\"\" class=\"wp-image-702 size-full\" srcset=\"https:\/\/i0.wp.com\/togiya.jp\/wp-content\/uploads\/2020\/11\/img_10.png?w=507&amp;ssl=1 507w, https:\/\/i0.wp.com\/togiya.jp\/wp-content\/uploads\/2020\/11\/img_10.png?resize=300%2C249&amp;ssl=1 300w\" sizes=\"auto, (max-width: 507px) 100vw, 507px\" \/><\/a><\/figure><div class=\"wp-block-media-text__content\">\n<h4 class=\"wp-block-heading\">MKT-36 MKT-41<\/h4>\n<\/div><\/div>\n","protected":false},"excerpt":{"rendered":"<p>par Tomoo Yasuda qui est l&rsquo;artisan de la s\u00e9rie Maximum. Sa connaissance approfondie du mat\u00e9riau des ciseaux, son aff\u00fbtage qui peut r\u00e9pondre \u00e0 une vari\u00e9t\u00e9 de clients de la coupe. Il est soutenu par de nombreux coiffeurs, les ciseaux qu&rsquo;il produit, il y a eu une pr\u00e9sence charismatique des ciseaux artisanaux. MKC-55 MKC-60 MKS-55 MKS-60&hellip; <a href=\"https:\/\/togiya.jp\/fr\/maximum-serie\/\" class=\"more-link\">Lire la suite <span class=\"screen-reader-text\">Maximum serie<\/span><\/a><\/p>\n","protected":false},"author":184644402,"featured_media":4069,"parent":0,"menu_order":0,"comment_status":"closed","ping_status":"closed","template":"","meta":{"footnotes":""},"tags":[],"class_list":["post-7433","page","type-page","status-publish","has-post-thumbnail","hentry","without-featured-image"],"jetpack_likes_enabled":true,"jetpack_sharing_enabled":true,"jetpack_shortlink":"https:\/\/wp.me\/PbVGXo-1VT","_links":{"self":[{"href":"https:\/\/togiya.jp\/fr\/wp-json\/wp\/v2\/pages\/7433","targetHints":{"allow":["GET"]}}],"collection":[{"href":"https:\/\/togiya.jp\/fr\/wp-json\/wp\/v2\/pages"}],"about":[{"href":"https:\/\/togiya.jp\/fr\/wp-json\/wp\/v2\/types\/page"}],"author":[{"embeddable":true,"href":"https:\/\/togiya.jp\/fr\/wp-json\/wp\/v2\/users\/184644402"}],"replies":[{"embeddable":true,"href":"https:\/\/togiya.jp\/fr\/wp-json\/wp\/v2\/comments?post=7433"}],"version-history":[{"count":1,"href":"https:\/\/togiya.jp\/fr\/wp-json\/wp\/v2\/pages\/7433\/revisions"}],"predecessor-version":[{"id":7449,"href":"https:\/\/togiya.jp\/fr\/wp-json\/wp\/v2\/pages\/7433\/revisions\/7449"}],"wp:featuredmedia":[{"embeddable":true,"href":"https:\/\/togiya.jp\/fr\/wp-json\/wp\/v2\/media\/4069"}],"wp:attachment":[{"href":"https:\/\/togiya.jp\/fr\/wp-json\/wp\/v2\/media?parent=7433"}],"wp:term":[{"taxonomy":"post_tag","embeddable":true,"href":"https:\/\/togiya.jp\/fr\/wp-json\/wp\/v2\/tags?post=7433"}],"curies":[{"name":"wp","href":"https:\/\/api.w.org\/{rel}","templated":true}]}}