{"id":7535,"date":"2020-04-23T22:42:31","date_gmt":"2020-04-23T13:42:31","guid":{"rendered":"https:\/\/togiya.jp\/designers-serie\/"},"modified":"2023-06-15T17:19:19","modified_gmt":"2023-06-15T08:19:19","slug":"designers-serie","status":"publish","type":"page","link":"https:\/\/togiya.jp\/fr\/designers-serie\/","title":{"rendered":"Designers S\u00e9rie"},"content":{"rendered":"\n<div class=\"wp-block-cover has-background-dim\"><img data-recalc-dims=\"1\" loading=\"lazy\" decoding=\"async\" width=\"300\" height=\"400\" class=\"wp-block-cover__image-background wp-image-708\" alt=\"\" src=\"https:\/\/i0.wp.com\/togiya.jp\/wp-content\/uploads\/2020\/11\/img_1b-2.jpg?resize=300%2C400&#038;ssl=1\" data-object-fit=\"cover\" srcset=\"https:\/\/i0.wp.com\/togiya.jp\/wp-content\/uploads\/2020\/11\/img_1b-2.jpg?w=300&amp;ssl=1 300w, https:\/\/i0.wp.com\/togiya.jp\/wp-content\/uploads\/2020\/11\/img_1b-2.jpg?resize=225%2C300&amp;ssl=1 225w\" sizes=\"auto, (max-width: 300px) 100vw, 300px\" \/><div class=\"wp-block-cover__inner-container is-layout-flow wp-block-cover-is-layout-flow\">\n<h2 class=\"wp-block-heading\">Ma\u00eetre Teruo Hattori<\/h2>\n<\/div><\/div>\n\n<blockquote class=\"wp-block-quote is-layout-flow wp-block-quote-is-layout-flow\"><p>par Teruo Hattori qui est l&rsquo;artisan de la s\u00e9rie Designers.<\/p><cite>Si vous esp\u00e9riez les \u00ab\u00a0ciseaux \u00e0 la belle dignit\u00e9\u00a0\u00bb, ce serait le mieux de le rencontrer l\u00e0. La technologie comme l&rsquo;\u0153uvre d&rsquo;art supr\u00eame peuvent \u00eatre r\u00e9alis\u00e9es comme une paire de ciseaux. C&rsquo;est l&rsquo;un des rares artisans.  <\/cite><\/blockquote>\n\n<hr class=\"wp-block-separator\"\/>\n\n<div class=\"wp-block-media-text alignwide is-stacked-on-mobile\"><figure class=\"wp-block-media-text__media\"><a href=\"https:\/\/togiya.jp\/dco\/\"><img data-recalc-dims=\"1\" loading=\"lazy\" decoding=\"async\" width=\"650\" height=\"407\" src=\"https:\/\/i0.wp.com\/togiya.jp\/wp-content\/uploads\/2020\/11\/img_1-6.jpg?resize=650%2C407&#038;ssl=1\" alt=\"\" class=\"wp-image-709 size-full\" srcset=\"https:\/\/i0.wp.com\/togiya.jp\/wp-content\/uploads\/2020\/11\/img_1-6.jpg?w=650&amp;ssl=1 650w, https:\/\/i0.wp.com\/togiya.jp\/wp-content\/uploads\/2020\/11\/img_1-6.jpg?resize=300%2C188&amp;ssl=1 300w\" sizes=\"auto, (max-width: 650px) 100vw, 650px\" \/><\/a><\/figure><div class=\"wp-block-media-text__content\">\n<h4 class=\"wp-block-heading\">DCO-50 DCO-55 DCO-60 DCO-65 <\/h4>\n<\/div><\/div>\n\n<hr class=\"wp-block-separator\"\/>\n\n<div class=\"wp-block-media-text alignwide has-media-on-the-right is-stacked-on-mobile\"><figure class=\"wp-block-media-text__media\"><a href=\"https:\/\/togiya.jp\/dso\/\"><img data-recalc-dims=\"1\" loading=\"lazy\" decoding=\"async\" width=\"552\" height=\"420\" src=\"https:\/\/i0.wp.com\/togiya.jp\/wp-content\/uploads\/2020\/11\/img_2-4.jpg?resize=552%2C420&#038;ssl=1\" alt=\"\" class=\"wp-image-710 size-full\" srcset=\"https:\/\/i0.wp.com\/togiya.jp\/wp-content\/uploads\/2020\/11\/img_2-4.jpg?w=552&amp;ssl=1 552w, https:\/\/i0.wp.com\/togiya.jp\/wp-content\/uploads\/2020\/11\/img_2-4.jpg?resize=300%2C228&amp;ssl=1 300w\" sizes=\"auto, (max-width: 552px) 100vw, 552px\" \/><\/a><\/figure><div class=\"wp-block-media-text__content\">\n<h4 class=\"wp-block-heading\">DSO-50 DSO-55 DSO-60<\/h4>\n<\/div><\/div>\n\n<hr class=\"wp-block-separator\"\/>\n\n<div class=\"wp-block-media-text alignwide is-stacked-on-mobile\"><figure class=\"wp-block-media-text__media\"><a href=\"https:\/\/togiya.jp\/dcn\/\"><img data-recalc-dims=\"1\" loading=\"lazy\" decoding=\"async\" width=\"533\" height=\"420\" src=\"https:\/\/i0.wp.com\/togiya.jp\/wp-content\/uploads\/2020\/11\/img_3-4.jpg?resize=533%2C420&#038;ssl=1\" alt=\"\" class=\"wp-image-711 size-full\" srcset=\"https:\/\/i0.wp.com\/togiya.jp\/wp-content\/uploads\/2020\/11\/img_3-4.jpg?w=533&amp;ssl=1 533w, https:\/\/i0.wp.com\/togiya.jp\/wp-content\/uploads\/2020\/11\/img_3-4.jpg?resize=300%2C236&amp;ssl=1 300w\" sizes=\"auto, (max-width: 533px) 100vw, 533px\" \/><\/a><\/figure><div class=\"wp-block-media-text__content\">\n<h4 class=\"wp-block-heading\">DCN-55 DCN-60<\/h4>\n<\/div><\/div>\n\n<hr class=\"wp-block-separator\"\/>\n\n<div class=\"wp-block-media-text alignwide has-media-on-the-right is-stacked-on-mobile\"><figure class=\"wp-block-media-text__media\"><a href=\"https:\/\/togiya.jp\/dcp\/\"><img data-recalc-dims=\"1\" loading=\"lazy\" decoding=\"async\" width=\"601\" height=\"420\" src=\"https:\/\/i0.wp.com\/togiya.jp\/wp-content\/uploads\/2020\/11\/img_4-4.jpg?resize=601%2C420&#038;ssl=1\" alt=\"\" class=\"wp-image-712 size-full\" srcset=\"https:\/\/i0.wp.com\/togiya.jp\/wp-content\/uploads\/2020\/11\/img_4-4.jpg?w=601&amp;ssl=1 601w, https:\/\/i0.wp.com\/togiya.jp\/wp-content\/uploads\/2020\/11\/img_4-4.jpg?resize=300%2C210&amp;ssl=1 300w\" sizes=\"auto, (max-width: 601px) 100vw, 601px\" \/><\/a><\/figure><div class=\"wp-block-media-text__content\">\n<h4 class=\"wp-block-heading\">DCP-50 DCP-55 DCP-60<\/h4>\n<\/div><\/div>\n\n<hr class=\"wp-block-separator\"\/>\n\n<div class=\"wp-block-media-text alignwide is-stacked-on-mobile\"><figure class=\"wp-block-media-text__media\"><a href=\"https:\/\/togiya.jp\/dsos\/\"><img data-recalc-dims=\"1\" loading=\"lazy\" decoding=\"async\" width=\"648\" height=\"420\" src=\"https:\/\/i0.wp.com\/togiya.jp\/wp-content\/uploads\/2020\/11\/img_5-4.jpg?resize=648%2C420&#038;ssl=1\" alt=\"\" class=\"wp-image-713 size-full\" srcset=\"https:\/\/i0.wp.com\/togiya.jp\/wp-content\/uploads\/2020\/11\/img_5-4.jpg?w=648&amp;ssl=1 648w, https:\/\/i0.wp.com\/togiya.jp\/wp-content\/uploads\/2020\/11\/img_5-4.jpg?resize=300%2C194&amp;ssl=1 300w\" sizes=\"auto, (max-width: 648px) 100vw, 648px\" \/><\/a><\/figure><div class=\"wp-block-media-text__content\">\n<h4 class=\"wp-block-heading\">DSO-55S DSO-60S DSO-65S DSO-70S<\/h4>\n<\/div><\/div>\n\n<hr class=\"wp-block-separator\"\/>\n\n<div class=\"wp-block-media-text alignwide has-media-on-the-right is-stacked-on-mobile\"><figure class=\"wp-block-media-text__media\"><a href=\"https:\/\/togiya.jp\/dsw\/\"><img data-recalc-dims=\"1\" loading=\"lazy\" decoding=\"async\" width=\"608\" height=\"420\" src=\"https:\/\/i0.wp.com\/togiya.jp\/wp-content\/uploads\/2020\/11\/img_6-1.png?resize=608%2C420&#038;ssl=1\" alt=\"\" class=\"wp-image-714 size-full\" srcset=\"https:\/\/i0.wp.com\/togiya.jp\/wp-content\/uploads\/2020\/11\/img_6-1.png?w=608&amp;ssl=1 608w, https:\/\/i0.wp.com\/togiya.jp\/wp-content\/uploads\/2020\/11\/img_6-1.png?resize=300%2C207&amp;ssl=1 300w\" sizes=\"auto, (max-width: 608px) 100vw, 608px\" \/><\/a><\/figure><div class=\"wp-block-media-text__content\">\n<h4 class=\"wp-block-heading\">DSW-55 DSW-60<\/h4>\n<\/div><\/div>\n\n<hr class=\"wp-block-separator\"\/>\n\n<div class=\"wp-block-media-text alignwide is-stacked-on-mobile\"><figure class=\"wp-block-media-text__media\"><a href=\"https:\/\/togiya.jp\/dcol\/\"><img data-recalc-dims=\"1\" loading=\"lazy\" decoding=\"async\" width=\"650\" height=\"407\" src=\"https:\/\/i0.wp.com\/togiya.jp\/wp-content\/uploads\/2020\/11\/img_7-4.jpg?resize=650%2C407&#038;ssl=1\" alt=\"\" class=\"wp-image-715 size-full\" srcset=\"https:\/\/i0.wp.com\/togiya.jp\/wp-content\/uploads\/2020\/11\/img_7-4.jpg?w=650&amp;ssl=1 650w, https:\/\/i0.wp.com\/togiya.jp\/wp-content\/uploads\/2020\/11\/img_7-4.jpg?resize=300%2C188&amp;ssl=1 300w\" sizes=\"auto, (max-width: 650px) 100vw, 650px\" \/><\/a><\/figure><div class=\"wp-block-media-text__content\">\n<h4 class=\"wp-block-heading\">DCO-50Lefty DCO-55Lefty DCO-60Lefty<\/h4>\n<\/div><\/div>\n","protected":false},"excerpt":{"rendered":"<p>par Teruo Hattori qui est l&rsquo;artisan de la s\u00e9rie Designers. Si vous esp\u00e9riez les \u00ab\u00a0ciseaux \u00e0 la belle dignit\u00e9\u00a0\u00bb, ce serait le mieux de le rencontrer l\u00e0. La technologie comme l&rsquo;\u0153uvre d&rsquo;art supr\u00eame peuvent \u00eatre r\u00e9alis\u00e9es comme une paire de ciseaux. C&rsquo;est l&rsquo;un des rares artisans. DCO-50 DCO-55 DCO-60 DCO-65 DSO-50 DSO-55 DSO-60 DCN-55 DCN-60&hellip; <a href=\"https:\/\/togiya.jp\/fr\/designers-serie\/\" class=\"more-link\">Lire la suite <span class=\"screen-reader-text\">Designers S\u00e9rie<\/span><\/a><\/p>\n","protected":false},"author":184644402,"featured_media":4099,"parent":0,"menu_order":0,"comment_status":"closed","ping_status":"closed","template":"","meta":{"jetpack_post_was_ever_published":false,"footnotes":""},"tags":[],"class_list":["post-7535","page","type-page","status-publish","has-post-thumbnail","hentry","without-featured-image"],"jetpack_likes_enabled":true,"jetpack_sharing_enabled":true,"jetpack_shortlink":"https:\/\/wp.me\/PbVGXo-1Xx","_links":{"self":[{"href":"https:\/\/togiya.jp\/fr\/wp-json\/wp\/v2\/pages\/7535","targetHints":{"allow":["GET"]}}],"collection":[{"href":"https:\/\/togiya.jp\/fr\/wp-json\/wp\/v2\/pages"}],"about":[{"href":"https:\/\/togiya.jp\/fr\/wp-json\/wp\/v2\/types\/page"}],"author":[{"embeddable":true,"href":"https:\/\/togiya.jp\/fr\/wp-json\/wp\/v2\/users\/184644402"}],"replies":[{"embeddable":true,"href":"https:\/\/togiya.jp\/fr\/wp-json\/wp\/v2\/comments?post=7535"}],"version-history":[{"count":1,"href":"https:\/\/togiya.jp\/fr\/wp-json\/wp\/v2\/pages\/7535\/revisions"}],"predecessor-version":[{"id":7551,"href":"https:\/\/togiya.jp\/fr\/wp-json\/wp\/v2\/pages\/7535\/revisions\/7551"}],"wp:featuredmedia":[{"embeddable":true,"href":"https:\/\/togiya.jp\/fr\/wp-json\/wp\/v2\/media\/4099"}],"wp:attachment":[{"href":"https:\/\/togiya.jp\/fr\/wp-json\/wp\/v2\/media?parent=7535"}],"wp:term":[{"taxonomy":"post_tag","embeddable":true,"href":"https:\/\/togiya.jp\/fr\/wp-json\/wp\/v2\/tags?post=7535"}],"curies":[{"name":"wp","href":"https:\/\/api.w.org\/{rel}","templated":true}]}}