{"id":7620,"date":"2020-04-23T22:42:37","date_gmt":"2020-04-23T13:42:37","guid":{"rendered":"https:\/\/togiya.jp\/art-collection-%e2%85%b0-serie\/"},"modified":"2023-06-27T14:43:58","modified_gmt":"2023-06-27T05:43:58","slug":"art-collection-%e2%85%b0-serie","status":"publish","type":"page","link":"https:\/\/togiya.jp\/fr\/art-collection-%e2%85%b0-serie\/","title":{"rendered":"Art Collection \u2160 S\u00e9rie"},"content":{"rendered":"\n<div class=\"wp-block-cover\"><span aria-hidden=\"true\" class=\"wp-block-cover__background has-background-dim\"><\/span><img data-recalc-dims=\"1\" loading=\"lazy\" decoding=\"async\" width=\"300\" height=\"400\" class=\"wp-block-cover__image-background wp-image-720\" alt=\"\" src=\"https:\/\/i0.wp.com\/togiya.jp\/wp-content\/uploads\/2020\/11\/img_1b-3.jpg?resize=300%2C400&#038;ssl=1\" data-object-fit=\"cover\" srcset=\"https:\/\/i0.wp.com\/togiya.jp\/wp-content\/uploads\/2020\/11\/img_1b-3.jpg?w=300&amp;ssl=1 300w, https:\/\/i0.wp.com\/togiya.jp\/wp-content\/uploads\/2020\/11\/img_1b-3.jpg?resize=225%2C300&amp;ssl=1 225w\" sizes=\"auto, (max-width: 300px) 100vw, 300px\" \/><div class=\"wp-block-cover__inner-container is-layout-flow wp-block-cover-is-layout-flow\">\n<h2 class=\"wp-block-heading\">Ma\u00eetre Shinichi Mori<\/h2>\n<\/div><\/div>\n\n<blockquote class=\"wp-block-quote is-layout-flow wp-block-quote-is-layout-flow\">\n<p>par Shinichi Mori, l&rsquo;artisan de la s\u00e9rie Art Collection.<\/p>\n<cite>Au cours de sa carri\u00e8re de plus de 40 ans, il a construit une paire de ciseaux \u00e0 partir des bases des ciseaux TOGIYA. Il conna\u00eet tous les ciseaux et est devenu un professionnel de la finition des ciseaux japonais les plus raffin\u00e9s, et il est \u00e9galement en mesure d&rsquo;\u00e9lever un successeur. Il est un \u00ab\u00a0Dieu\u00a0\u00bb de l&rsquo;industrie japonaise des ciseaux, les gens l&rsquo;appellent \u00ab\u00a0la main de Dieu\u00a0\u00bb pour ses comp\u00e9tences. Une fois que les coiffeurs ont utilis\u00e9 une paire de ciseaux de son cru, ils ne peuvent plus utiliser d&rsquo;autres ciseaux.   <\/cite><\/blockquote>\n\n<p><strong>Cette collection exhaustive met en \u00e9vidence le style artistique qui a fait la r\u00e9putation de TOGIYA. Un alliage de cobalt tremp\u00e9 et une technologie de finition pr\u00e9cise compl\u00e8tent le dernier cri en mati\u00e8re de style de coupe. <\/strong><\/p>\n\n<hr class=\"wp-block-separator has-css-opacity\"\/>\n\n<div class=\"wp-block-media-text alignwide is-stacked-on-mobile\"><figure class=\"wp-block-media-text__media\"><a href=\"https:\/\/togiya.jp\/abr\/\"><img data-recalc-dims=\"1\" loading=\"lazy\" decoding=\"async\" width=\"611\" height=\"420\" src=\"https:\/\/i0.wp.com\/togiya.jp\/wp-content\/uploads\/2020\/11\/img_1-7.jpg?resize=611%2C420&#038;ssl=1\" alt=\"\" class=\"wp-image-721 size-full\" srcset=\"https:\/\/i0.wp.com\/togiya.jp\/wp-content\/uploads\/2020\/11\/img_1-7.jpg?w=611&amp;ssl=1 611w, https:\/\/i0.wp.com\/togiya.jp\/wp-content\/uploads\/2020\/11\/img_1-7.jpg?resize=300%2C206&amp;ssl=1 300w\" sizes=\"auto, (max-width: 611px) 100vw, 611px\" \/><\/a><\/figure><div class=\"wp-block-media-text__content\">\n<h4 class=\"wp-block-heading\"><strong>ABR-30 ABR-30Lefty ABR-19<\/strong><\/h4>\n<\/div><\/div>\n\n<hr class=\"wp-block-separator has-css-opacity\"\/>\n\n<div class=\"wp-block-media-text alignwide has-media-on-the-right is-stacked-on-mobile\"><div class=\"wp-block-media-text__content\">\n<h4 class=\"wp-block-heading\"><strong>AMW-14 Moon Walker<\/strong><\/h4>\n<\/div><figure class=\"wp-block-media-text__media\"><a href=\"https:\/\/togiya.jp\/amw\/\"><img data-recalc-dims=\"1\" loading=\"lazy\" decoding=\"async\" width=\"630\" height=\"420\" src=\"https:\/\/i0.wp.com\/togiya.jp\/wp-content\/uploads\/2020\/11\/img_2-5.jpg?resize=630%2C420&#038;ssl=1\" alt=\"\" class=\"wp-image-722 size-full\" srcset=\"https:\/\/i0.wp.com\/togiya.jp\/wp-content\/uploads\/2020\/11\/img_2-5.jpg?w=630&amp;ssl=1 630w, https:\/\/i0.wp.com\/togiya.jp\/wp-content\/uploads\/2020\/11\/img_2-5.jpg?resize=300%2C200&amp;ssl=1 300w\" sizes=\"auto, (max-width: 630px) 100vw, 630px\" \/><\/a><\/figure><\/div>\n\n<div class=\"wp-block-media-text alignwide is-stacked-on-mobile\"><figure class=\"wp-block-media-text__media\"><a href=\"https:\/\/togiya.jp\/abc\/\"><img data-recalc-dims=\"1\" loading=\"lazy\" decoding=\"async\" width=\"505\" height=\"420\" src=\"https:\/\/i0.wp.com\/togiya.jp\/wp-content\/uploads\/2020\/11\/img_3-5.jpg?resize=505%2C420&#038;ssl=1\" alt=\"\" class=\"wp-image-723 size-full\" srcset=\"https:\/\/i0.wp.com\/togiya.jp\/wp-content\/uploads\/2020\/11\/img_3-5.jpg?w=505&amp;ssl=1 505w, https:\/\/i0.wp.com\/togiya.jp\/wp-content\/uploads\/2020\/11\/img_3-5.jpg?resize=300%2C250&amp;ssl=1 300w\" sizes=\"auto, (max-width: 505px) 100vw, 505px\" \/><\/a><\/figure><div class=\"wp-block-media-text__content\">\n<h4 class=\"wp-block-heading\"><strong>ABC-Bar Code<\/strong><\/h4>\n<\/div><\/div>\n\n<hr class=\"wp-block-separator has-css-opacity\"\/>\n\n<div class=\"wp-block-media-text alignwide has-media-on-the-right is-stacked-on-mobile\"><div class=\"wp-block-media-text__content\">\n<h4 class=\"wp-block-heading\"><strong>ADL-28 Double Turban<\/strong><\/h4>\n<\/div><figure class=\"wp-block-media-text__media\"><a href=\"https:\/\/togiya.jp\/adl\/\"><img data-recalc-dims=\"1\" loading=\"lazy\" decoding=\"async\" width=\"537\" height=\"420\" src=\"https:\/\/i0.wp.com\/togiya.jp\/wp-content\/uploads\/2020\/11\/img_4-5.jpg?resize=537%2C420&#038;ssl=1\" alt=\"\" class=\"wp-image-725 size-full\" srcset=\"https:\/\/i0.wp.com\/togiya.jp\/wp-content\/uploads\/2020\/11\/img_4-5.jpg?w=537&amp;ssl=1 537w, https:\/\/i0.wp.com\/togiya.jp\/wp-content\/uploads\/2020\/11\/img_4-5.jpg?resize=300%2C235&amp;ssl=1 300w\" sizes=\"auto, (max-width: 537px) 100vw, 537px\" \/><\/a><\/figure><\/div>\n\n<hr class=\"wp-block-separator has-css-opacity\"\/>\n\n<div class=\"wp-block-media-text alignwide is-stacked-on-mobile\"><figure class=\"wp-block-media-text__media\"><a href=\"https:\/\/togiya.jp\/art\/\"><img data-recalc-dims=\"1\" loading=\"lazy\" decoding=\"async\" width=\"739\" height=\"420\" src=\"https:\/\/i0.wp.com\/togiya.jp\/wp-content\/uploads\/2020\/11\/img_5-6.jpg?resize=739%2C420&#038;ssl=1\" alt=\"\" class=\"wp-image-726 size-full\" srcset=\"https:\/\/i0.wp.com\/togiya.jp\/wp-content\/uploads\/2020\/11\/img_5-6.jpg?w=739&amp;ssl=1 739w, https:\/\/i0.wp.com\/togiya.jp\/wp-content\/uploads\/2020\/11\/img_5-6.jpg?resize=300%2C171&amp;ssl=1 300w\" sizes=\"auto, (max-width: 739px) 100vw, 739px\" \/><\/a><\/figure><div class=\"wp-block-media-text__content\">\n<h4 class=\"wp-block-heading\">ART-6010<\/h4>\n<\/div><\/div>\n\n<hr class=\"wp-block-separator has-css-opacity\"\/>\n\n<div class=\"wp-block-media-text alignwide has-media-on-the-right is-stacked-on-mobile\"><div class=\"wp-block-media-text__content\">\n<h4 class=\"wp-block-heading\"><strong>Aria-G30<\/strong><\/h4>\n<\/div><figure class=\"wp-block-media-text__media\"><a href=\"https:\/\/togiya.jp\/aria\/\"><img data-recalc-dims=\"1\" loading=\"lazy\" decoding=\"async\" width=\"650\" height=\"344\" src=\"https:\/\/i0.wp.com\/togiya.jp\/wp-content\/uploads\/2020\/11\/img_6-3.jpg?resize=650%2C344&#038;ssl=1\" alt=\"\" class=\"wp-image-727 size-full\" srcset=\"https:\/\/i0.wp.com\/togiya.jp\/wp-content\/uploads\/2020\/11\/img_6-3.jpg?w=650&amp;ssl=1 650w, https:\/\/i0.wp.com\/togiya.jp\/wp-content\/uploads\/2020\/11\/img_6-3.jpg?resize=300%2C159&amp;ssl=1 300w\" sizes=\"auto, (max-width: 650px) 100vw, 650px\" \/><\/a><\/figure><\/div>\n\n<hr class=\"wp-block-separator has-css-opacity\"\/>\n\n<div class=\"wp-block-media-text alignwide is-stacked-on-mobile\"><figure class=\"wp-block-media-text__media\"><a href=\"https:\/\/togiya.jp\/abrl\/\"><img data-recalc-dims=\"1\" loading=\"lazy\" decoding=\"async\" width=\"800\" height=\"550\" src=\"https:\/\/i0.wp.com\/togiya.jp\/wp-content\/uploads\/2020\/11\/img_7-5.jpg?resize=800%2C550&#038;ssl=1\" alt=\"\" class=\"wp-image-728 size-full\" srcset=\"https:\/\/i0.wp.com\/togiya.jp\/wp-content\/uploads\/2020\/11\/img_7-5.jpg?w=800&amp;ssl=1 800w, https:\/\/i0.wp.com\/togiya.jp\/wp-content\/uploads\/2020\/11\/img_7-5.jpg?resize=300%2C206&amp;ssl=1 300w, https:\/\/i0.wp.com\/togiya.jp\/wp-content\/uploads\/2020\/11\/img_7-5.jpg?resize=768%2C528&amp;ssl=1 768w\" sizes=\"auto, (max-width: 800px) 100vw, 800px\" \/><\/a><\/figure><div class=\"wp-block-media-text__content\">\n<h4 class=\"wp-block-heading\"><strong>ABR-30Lefty<\/strong><\/h4>\n<\/div><\/div>\n\n<hr class=\"wp-block-separator has-css-opacity\"\/>\n\n<div class=\"wp-block-media-text alignwide has-media-on-the-right is-stacked-on-mobile\"><div class=\"wp-block-media-text__content\">\n<h4 class=\"wp-block-heading\"><strong>Aria-G30Lefty<\/strong><\/h4>\n<\/div><figure class=\"wp-block-media-text__media\"><a href=\"https:\/\/togiya.jp\/arial\/\"><img data-recalc-dims=\"1\" loading=\"lazy\" decoding=\"async\" width=\"650\" height=\"344\" src=\"https:\/\/i0.wp.com\/togiya.jp\/wp-content\/uploads\/2020\/11\/img_8-2.jpg?resize=650%2C344&#038;ssl=1\" alt=\"\" class=\"wp-image-729 size-full\" srcset=\"https:\/\/i0.wp.com\/togiya.jp\/wp-content\/uploads\/2020\/11\/img_8-2.jpg?w=650&amp;ssl=1 650w, https:\/\/i0.wp.com\/togiya.jp\/wp-content\/uploads\/2020\/11\/img_8-2.jpg?resize=300%2C159&amp;ssl=1 300w\" sizes=\"auto, (max-width: 650px) 100vw, 650px\" \/><\/a><\/figure><\/div>\n","protected":false},"excerpt":{"rendered":"<p>par Shinichi Mori, l&rsquo;artisan de la s\u00e9rie Art Collection. Au cours de sa carri\u00e8re de plus de 40 ans, il a construit une paire de ciseaux \u00e0 partir des bases des ciseaux TOGIYA. Il conna\u00eet tous les ciseaux et est devenu un professionnel de la finition des ciseaux japonais les plus raffin\u00e9s, et il est&hellip; <a href=\"https:\/\/togiya.jp\/fr\/art-collection-%e2%85%b0-serie\/\" class=\"more-link\">Lire la suite <span class=\"screen-reader-text\">Art Collection \u2160 S\u00e9rie<\/span><\/a><\/p>\n","protected":false},"author":184644402,"featured_media":4059,"parent":0,"menu_order":0,"comment_status":"closed","ping_status":"closed","template":"","meta":{"footnotes":""},"tags":[],"class_list":["post-7620","page","type-page","status-publish","has-post-thumbnail","hentry","without-featured-image"],"jetpack_likes_enabled":true,"jetpack_sharing_enabled":true,"jetpack_shortlink":"https:\/\/wp.me\/PbVGXo-1YU","_links":{"self":[{"href":"https:\/\/togiya.jp\/fr\/wp-json\/wp\/v2\/pages\/7620","targetHints":{"allow":["GET"]}}],"collection":[{"href":"https:\/\/togiya.jp\/fr\/wp-json\/wp\/v2\/pages"}],"about":[{"href":"https:\/\/togiya.jp\/fr\/wp-json\/wp\/v2\/types\/page"}],"author":[{"embeddable":true,"href":"https:\/\/togiya.jp\/fr\/wp-json\/wp\/v2\/users\/184644402"}],"replies":[{"embeddable":true,"href":"https:\/\/togiya.jp\/fr\/wp-json\/wp\/v2\/comments?post=7620"}],"version-history":[{"count":2,"href":"https:\/\/togiya.jp\/fr\/wp-json\/wp\/v2\/pages\/7620\/revisions"}],"predecessor-version":[{"id":8168,"href":"https:\/\/togiya.jp\/fr\/wp-json\/wp\/v2\/pages\/7620\/revisions\/8168"}],"wp:featuredmedia":[{"embeddable":true,"href":"https:\/\/togiya.jp\/fr\/wp-json\/wp\/v2\/media\/4059"}],"wp:attachment":[{"href":"https:\/\/togiya.jp\/fr\/wp-json\/wp\/v2\/media?parent=7620"}],"wp:term":[{"taxonomy":"post_tag","embeddable":true,"href":"https:\/\/togiya.jp\/fr\/wp-json\/wp\/v2\/tags?post=7620"}],"curies":[{"name":"wp","href":"https:\/\/api.w.org\/{rel}","templated":true}]}}