{"id":7722,"date":"2020-04-23T22:42:53","date_gmt":"2020-04-23T13:42:53","guid":{"rendered":"https:\/\/togiya.jp\/kicho-serie\/"},"modified":"2023-06-15T18:04:17","modified_gmt":"2023-06-15T09:04:17","slug":"kicho-serie","status":"publish","type":"page","link":"https:\/\/togiya.jp\/fr\/kicho-serie\/","title":{"rendered":"Kicho S\u00e9rie"},"content":{"rendered":"\n<div class=\"wp-block-cover has-background-dim\"><img data-recalc-dims=\"1\" loading=\"lazy\" decoding=\"async\" width=\"300\" height=\"400\" class=\"wp-block-cover__image-background wp-image-759\" alt=\"\" src=\"https:\/\/i0.wp.com\/togiya.jp\/wp-content\/uploads\/2020\/11\/img_1b-6.jpg?resize=300%2C400&#038;ssl=1\" data-object-fit=\"cover\" srcset=\"https:\/\/i0.wp.com\/togiya.jp\/wp-content\/uploads\/2020\/11\/img_1b-6.jpg?w=300&amp;ssl=1 300w, https:\/\/i0.wp.com\/togiya.jp\/wp-content\/uploads\/2020\/11\/img_1b-6.jpg?resize=225%2C300&amp;ssl=1 225w\" sizes=\"auto, (max-width: 300px) 100vw, 300px\" \/><div class=\"wp-block-cover__inner-container is-layout-flow wp-block-cover-is-layout-flow\">\n<h2 class=\"wp-block-heading\">Ma\u00eetre Makoto Takahashi<\/h2>\n<\/div><\/div>\n\n<blockquote class=\"wp-block-quote is-layout-flow wp-block-quote-is-layout-flow\"><p>par Makoto Takahashi qui est l&rsquo;artisan de la s\u00e9rie Talent.<\/p><cite>Au cours de sa carri\u00e8re de plus de 40 ans, il a construit une paire de ciseaux \u00e0 partir des bases des ciseaux TOGIYA. Il conna\u00eet tous les ciseaux et est devenu un professionnel de la finition des ciseaux japonais les plus raffin\u00e9s, et il est \u00e9galement en mesure d&rsquo;\u00e9lever un successeur. Il est un \u00ab\u00a0Dieu\u00a0\u00bb de l&rsquo;industrie japonaise des ciseaux, les gens l&rsquo;appellent \u00ab\u00a0la main de Dieu\u00a0\u00bb pour ses comp\u00e9tences. Une fois que les coiffeurs ont utilis\u00e9 une paire de ciseaux de son cru, ils ne peuvent plus utiliser d&rsquo;autres ciseaux.   <\/cite><\/blockquote>\n\n<hr class=\"wp-block-separator\"\/>\n\n<div class=\"wp-block-media-text alignwide is-stacked-on-mobile\"><figure class=\"wp-block-media-text__media\"><a href=\"https:\/\/togiya.jp\/ksc\/\"><img data-recalc-dims=\"1\" loading=\"lazy\" decoding=\"async\" width=\"782\" height=\"420\" src=\"https:\/\/i0.wp.com\/togiya.jp\/wp-content\/uploads\/2020\/11\/img_1.png?resize=782%2C420&#038;ssl=1\" alt=\"\" class=\"wp-image-760 size-full\" srcset=\"https:\/\/i0.wp.com\/togiya.jp\/wp-content\/uploads\/2020\/11\/img_1.png?w=782&amp;ssl=1 782w, https:\/\/i0.wp.com\/togiya.jp\/wp-content\/uploads\/2020\/11\/img_1.png?resize=300%2C161&amp;ssl=1 300w, https:\/\/i0.wp.com\/togiya.jp\/wp-content\/uploads\/2020\/11\/img_1.png?resize=768%2C412&amp;ssl=1 768w\" sizes=\"auto, (max-width: 782px) 100vw, 782px\" \/><\/a><\/figure><div class=\"wp-block-media-text__content\">\n<h4 class=\"wp-block-heading\">KSC-50 KSC-55 KSC-60 KSC-65 KSC-70<\/h4>\n<\/div><\/div>\n","protected":false},"excerpt":{"rendered":"<p>par Makoto Takahashi qui est l&rsquo;artisan de la s\u00e9rie Talent. Au cours de sa carri\u00e8re de plus de 40 ans, il a construit une paire de ciseaux \u00e0 partir des bases des ciseaux TOGIYA. Il conna\u00eet tous les ciseaux et est devenu un professionnel de la finition des ciseaux japonais les plus raffin\u00e9s, et il&hellip; <a href=\"https:\/\/togiya.jp\/fr\/kicho-serie\/\" class=\"more-link\">Lire la suite <span class=\"screen-reader-text\">Kicho S\u00e9rie<\/span><\/a><\/p>\n","protected":false},"author":184644402,"featured_media":4079,"parent":0,"menu_order":0,"comment_status":"closed","ping_status":"closed","template":"","meta":{"footnotes":""},"tags":[],"class_list":["post-7722","page","type-page","status-publish","has-post-thumbnail","hentry","without-featured-image"],"jetpack_likes_enabled":true,"jetpack_sharing_enabled":true,"jetpack_shortlink":"https:\/\/wp.me\/PbVGXo-20y","_links":{"self":[{"href":"https:\/\/togiya.jp\/fr\/wp-json\/wp\/v2\/pages\/7722","targetHints":{"allow":["GET"]}}],"collection":[{"href":"https:\/\/togiya.jp\/fr\/wp-json\/wp\/v2\/pages"}],"about":[{"href":"https:\/\/togiya.jp\/fr\/wp-json\/wp\/v2\/types\/page"}],"author":[{"embeddable":true,"href":"https:\/\/togiya.jp\/fr\/wp-json\/wp\/v2\/users\/184644402"}],"replies":[{"embeddable":true,"href":"https:\/\/togiya.jp\/fr\/wp-json\/wp\/v2\/comments?post=7722"}],"version-history":[{"count":1,"href":"https:\/\/togiya.jp\/fr\/wp-json\/wp\/v2\/pages\/7722\/revisions"}],"predecessor-version":[{"id":7738,"href":"https:\/\/togiya.jp\/fr\/wp-json\/wp\/v2\/pages\/7722\/revisions\/7738"}],"wp:featuredmedia":[{"embeddable":true,"href":"https:\/\/togiya.jp\/fr\/wp-json\/wp\/v2\/media\/4079"}],"wp:attachment":[{"href":"https:\/\/togiya.jp\/fr\/wp-json\/wp\/v2\/media?parent=7722"}],"wp:term":[{"taxonomy":"post_tag","embeddable":true,"href":"https:\/\/togiya.jp\/fr\/wp-json\/wp\/v2\/tags?post=7722"}],"curies":[{"name":"wp","href":"https:\/\/api.w.org\/{rel}","templated":true}]}}