{"id":9914,"date":"2023-06-14T12:10:42","date_gmt":"2023-06-14T03:10:42","guid":{"rendered":"https:\/\/togiya.jp\/a-propos-de-togiya-japon\/"},"modified":"2023-11-23T18:29:32","modified_gmt":"2023-11-23T09:29:32","slug":"a-propos-de-togiya-japon","status":"publish","type":"page","link":"https:\/\/togiya.jp\/fr\/a-propos-de-togiya-japon\/","title":{"rendered":"\u00e0 propos de"},"content":{"rendered":"\n<div class=\"wp-block-cover is-light\"><span aria-hidden=\"true\" class=\"wp-block-cover__background has-background-dim\"><\/span><img data-recalc-dims=\"1\" loading=\"lazy\" decoding=\"async\" width=\"600\" height=\"247\" class=\"wp-block-cover__image-background wp-image-8928\" alt=\"\" src=\"https:\/\/i0.wp.com\/togiya.jp\/wp-content\/uploads\/2022\/01\/%E7%8A%AC%E5%B1%B1%E5%9F%8E-e1682588408837.jpeg?resize=600%2C247&#038;ssl=1\" data-object-fit=\"cover\" srcset=\"https:\/\/i0.wp.com\/togiya.jp\/wp-content\/uploads\/2022\/01\/%E7%8A%AC%E5%B1%B1%E5%9F%8E-e1682588408837.jpeg?w=600&amp;ssl=1 600w, https:\/\/i0.wp.com\/togiya.jp\/wp-content\/uploads\/2022\/01\/%E7%8A%AC%E5%B1%B1%E5%9F%8E-e1682588408837.jpeg?resize=300%2C124&amp;ssl=1 300w\" sizes=\"auto, (max-width: 600px) 100vw, 600px\" \/><div class=\"wp-block-cover__inner-container is-layout-constrained wp-block-cover-is-layout-constrained\">\n<p class=\"has-text-align-left has-white-color has-text-color has-large-font-size\">Intemporel&#8230;<\/p>\n\n\n\n<p class=\"has-text-align-left has-white-color has-text-color has-medium-font-size\">Technologie traditionnelle japonaise<\/p>\n\n\n\n<p class=\"has-white-color has-text-color\">Avec la haute qualit\u00e9, l&rsquo;\u00e9l\u00e9gance et la cr\u00e9ativit\u00e9 de l&rsquo;esprit \u00ab\u00a0Made in Japan\u00a0\u00bb.<\/p>\n\n\n\n<p><\/p>\n\n\n\n<div style=\"height:84px\" aria-hidden=\"true\" class=\"wp-block-spacer\"><\/div>\n\n\n\n<div class=\"wp-block-columns is-layout-flex wp-container-core-columns-is-layout-9d6595d7 wp-block-columns-is-layout-flex\">\n<div class=\"wp-block-column is-layout-flow wp-block-column-is-layout-flow\">\n<div class=\"wp-block-buttons is-content-justification-center is-nowrap is-layout-flex wp-container-core-buttons-is-layout-1fb9aab6 wp-block-buttons-is-layout-flex\">\n<div class=\"wp-block-button has-custom-font-size is-style-outline has-medium-font-size is-style-outline--1\"><a class=\"wp-block-button__link has-pale-cyan-blue-color has-text-color has-text-align-center wp-element-button\" href=\"#history\" style=\"border-radius:0px\">HISTOIRE<\/a><\/div>\n<\/div>\n<\/div>\n\n\n\n<div class=\"wp-block-column is-style-outline has-white-color has-text-color has-small-font-size is-layout-flow wp-block-column-is-layout-flow\" style=\"border-radius:0px\">\n<div class=\"wp-block-buttons is-content-justification-center is-layout-flex wp-container-core-buttons-is-layout-16018d1d wp-block-buttons-is-layout-flex\">\n<div class=\"wp-block-button has-custom-font-size is-style-outline has-medium-font-size is-style-outline--2\"><a class=\"wp-block-button__link has-pale-cyan-blue-color has-text-color wp-element-button\" href=\"#summary\" style=\"border-radius:0px\">R\u00c9SUM\u00c9<\/a><\/div>\n<\/div>\n<\/div>\n\n\n\n<div class=\"wp-block-column is-layout-flow wp-block-column-is-layout-flow\">\n<div class=\"wp-block-buttons is-content-justification-center is-layout-flex wp-container-core-buttons-is-layout-16018d1d wp-block-buttons-is-layout-flex\">\n<div class=\"wp-block-button has-custom-font-size is-style-outline has-medium-font-size is-style-outline--3\"><a class=\"wp-block-button__link has-pale-cyan-blue-color has-text-color wp-element-button\" href=\"#team\" style=\"border-radius:0px\">NOTRE FORMIDABLE \u00c9QUIPE<\/a><\/div>\n<\/div>\n<\/div>\n<\/div>\n\n\n\n<p>T<\/p>\n<\/div><\/div>\n\n<div class=\"wp-block-cover is-light\"><span aria-hidden=\"true\" class=\"wp-block-cover__background has-background-dim\"><\/span><img data-recalc-dims=\"1\" loading=\"lazy\" decoding=\"async\" width=\"1200\" height=\"1793\" class=\"wp-block-cover__image-background wp-image-2081\" alt=\"\" src=\"https:\/\/i0.wp.com\/togiya.jp\/wp-content\/uploads\/2022\/01\/kicho_header-1.jpg?resize=1200%2C1793&#038;ssl=1\" style=\"object-position:60% 100%\" data-object-fit=\"cover\" data-object-position=\"60% 100%\" srcset=\"https:\/\/i0.wp.com\/togiya.jp\/wp-content\/uploads\/2022\/01\/kicho_header-1.jpg?w=1600&amp;ssl=1 1600w, https:\/\/i0.wp.com\/togiya.jp\/wp-content\/uploads\/2022\/01\/kicho_header-1.jpg?resize=201%2C300&amp;ssl=1 201w, https:\/\/i0.wp.com\/togiya.jp\/wp-content\/uploads\/2022\/01\/kicho_header-1.jpg?resize=685%2C1024&amp;ssl=1 685w, https:\/\/i0.wp.com\/togiya.jp\/wp-content\/uploads\/2022\/01\/kicho_header-1.jpg?resize=768%2C1148&amp;ssl=1 768w, https:\/\/i0.wp.com\/togiya.jp\/wp-content\/uploads\/2022\/01\/kicho_header-1.jpg?resize=1028%2C1536&amp;ssl=1 1028w, https:\/\/i0.wp.com\/togiya.jp\/wp-content\/uploads\/2022\/01\/kicho_header-1.jpg?resize=1370%2C2048&amp;ssl=1 1370w\" sizes=\"auto, (max-width: 1200px) 100vw, 1200px\" \/><div class=\"wp-block-cover__inner-container is-layout-constrained wp-block-cover-is-layout-constrained\">\n<div id=\"history\" class=\"wp-block-group\"><div class=\"wp-block-group__inner-container is-layout-constrained wp-block-group-is-layout-constrained\">\n<p class=\"has-text-align-center has-white-color has-text-color has-large-font-size\">History<\/p>\n\n\n\n<p class=\"has-white-color has-text-color\">Fond\u00e9e en 1965, M. Tatsuya Miyata a h\u00e9rit\u00e9 des techniques traditionnelles japonaises de son p\u00e8re qui \u00e9tait artisan de ciseaux, et il a eu la chance de courir dans le monde en tant que communaut\u00e9 d&rsquo;affaires de manutention de l&rsquo;acier, touchant les coiffeurs autour de la m\u00eame \u00e9poque, la plupart de nos coiffeurs qui sont des ciseaux non satisfaits de savoir qu&rsquo;ils sont \u00e0 la recherche de v\u00e9ritables ciseaux japonais et rentables de haute qualit\u00e9 \u00ab\u00a0Made in Japan\u00a0\u00bb pour fournir le monde de d\u00e9veloppement de ciseaux \u00ab\u00a0TOGIYA\u00a0\u00bb a \u00e9t\u00e9 lanc\u00e9. <\/p>\n\n\n\n<p class=\"has-white-color has-text-color\">Incorporation en 1999, en tant qu&rsquo;entreprise qui fabrique des cisailles et des ciseaux japonais depuis longtemps. Le nom de l&rsquo;entreprise \u00a0\u00bb TOGIYA \u00a0\u00bb est celui d&rsquo;une marque, et l&rsquo;origine vient de l&rsquo;aiguisage ( TOGIYA ). <\/p>\n\n\n\n<p class=\"has-white-color has-text-color\"><strong>Made in JAPAN<\/strong> &#8211; en tant que marque de ciseaux de coiffure japonais, nous poursuivons les cisailles et les ciseaux japonais qu&rsquo;une nouvelle tendance a adopt\u00e9, non seulement les techniques traditionnelles, mais aussi la recherche et le d\u00e9veloppement et les nouveaux ciseaux. <\/p>\n<\/div><\/div>\n\n\n\n<div id=\"summary\" class=\"wp-block-group\"><div class=\"wp-block-group__inner-container is-layout-constrained wp-block-group-is-layout-constrained\">\n<p class=\"has-text-align-center has-white-color has-text-color has-large-font-size\">R\u00e9sum\u00e9<\/p>\n\n\n\n<p class=\"has-white-color has-text-color\">Nom de l&rsquo;entreprise : TOGIYA CORPORATION<br\/>Trouv\u00e9 : 1965<br\/>Constitution : 1999<br\/>Repr\u00e9sentant : Tatsuya Miyata<br\/>Pr\u00e9sident et directeur repr\u00e9sentant<br\/>Directeur g\u00e9n\u00e9ral<br\/>Capital : 10 000 000 de yens japonais<br\/>Principale banque de financement : The Shoko Chukan Bank, LTD<br\/>Adresse de l&rsquo;entreprise :<br\/>Si\u00e8ge social et usine : 48-1 Todomegi Hashizume, Inuyama City, Aichi Japan 484-0076<br\/>T\u00e9l\u00e9phone : +81 568 62 2164<br\/>Office and Show Room: 9-50 Nishimukaihatake Haguro, Inuyama City, Aichi Japan 484-0894<br\/>T\u00e9l\u00e9phone : +81 568 54 1368<br\/>Italie Bureau d&rsquo;aff\u00fbtage : C\/o Lercari giambeppe<br\/>Via Libero Alborno, 14<br\/>18030 Ventimiglia(IM)<br\/>Italia<br\/>T\u00e9l\u00e9phone : +39 3479712114<\/p>\n<\/div><\/div>\n<\/div><\/div>\n\n<div id=\"team\" class=\"wp-block-group\"><div class=\"wp-block-group__inner-container is-layout-constrained wp-block-group-is-layout-constrained\">\n<div class=\"wp-block-cover\" id=\"team\"><span aria-hidden=\"true\" class=\"wp-block-cover__background has-background-dim\"><\/span><img data-recalc-dims=\"1\" loading=\"lazy\" decoding=\"async\" width=\"1200\" height=\"600\" class=\"wp-block-cover__image-background wp-image-9078\" alt=\"\" src=\"https:\/\/i0.wp.com\/togiya.jp\/wp-content\/uploads\/2023\/07\/%E5%90%8D%E7%A7%B0%E6%9C%AA%E8%A8%AD%E5%AE%9A-2_%E3%82%A2%E3%83%BC%E3%83%88%E3%83%9C%E3%83%BC%E3%83%89-1.png?resize=1200%2C600&#038;ssl=1\" data-object-fit=\"cover\"\/><div class=\"wp-block-cover__inner-container is-layout-constrained wp-block-cover-is-layout-constrained\">\n<p class=\"has-text-align-center has-luminous-vivid-amber-color has-text-color has-large-font-size\">NOTRE FORMIDABLE \u00c9QUIPE<\/p>\n<\/div><\/div>\n<\/div><\/div>\n","protected":false},"excerpt":{"rendered":"","protected":false},"author":184644402,"featured_media":0,"parent":0,"menu_order":0,"comment_status":"open","ping_status":"closed","template":"","meta":{"footnotes":""},"tags":[],"class_list":["post-9914","page","type-page","status-publish","hentry","without-featured-image"],"jetpack_likes_enabled":true,"jetpack_sharing_enabled":true,"jetpack_shortlink":"https:\/\/wp.me\/PbVGXo-2zU","_links":{"self":[{"href":"https:\/\/togiya.jp\/fr\/wp-json\/wp\/v2\/pages\/9914","targetHints":{"allow":["GET"]}}],"collection":[{"href":"https:\/\/togiya.jp\/fr\/wp-json\/wp\/v2\/pages"}],"about":[{"href":"https:\/\/togiya.jp\/fr\/wp-json\/wp\/v2\/types\/page"}],"author":[{"embeddable":true,"href":"https:\/\/togiya.jp\/fr\/wp-json\/wp\/v2\/users\/184644402"}],"replies":[{"embeddable":true,"href":"https:\/\/togiya.jp\/fr\/wp-json\/wp\/v2\/comments?post=9914"}],"version-history":[{"count":4,"href":"https:\/\/togiya.jp\/fr\/wp-json\/wp\/v2\/pages\/9914\/revisions"}],"predecessor-version":[{"id":12407,"href":"https:\/\/togiya.jp\/fr\/wp-json\/wp\/v2\/pages\/9914\/revisions\/12407"}],"wp:attachment":[{"href":"https:\/\/togiya.jp\/fr\/wp-json\/wp\/v2\/media?parent=9914"}],"wp:term":[{"taxonomy":"post_tag","embeddable":true,"href":"https:\/\/togiya.jp\/fr\/wp-json\/wp\/v2\/tags?post=9914"}],"curies":[{"name":"wp","href":"https:\/\/api.w.org\/{rel}","templated":true}]}}