{"id":7159,"date":"2020-04-23T22:42:58","date_gmt":"2020-04-23T13:42:58","guid":{"rendered":"https:\/\/togiya.jp\/lefty-hand-serie\/"},"modified":"2023-06-15T16:21:35","modified_gmt":"2023-06-15T07:21:35","slug":"lefty-hand-serie","status":"publish","type":"page","link":"https:\/\/togiya.jp\/it\/lefty-hand-serie\/","title":{"rendered":"Lefty Hand serie"},"content":{"rendered":"\n<div class=\"wp-block-cover has-background-dim\"><img data-recalc-dims=\"1\" loading=\"lazy\" decoding=\"async\" width=\"300\" height=\"400\" class=\"wp-block-cover__image-background wp-image-764\" alt=\"\" src=\"https:\/\/i0.wp.com\/togiya.jp\/wp-content\/uploads\/2020\/11\/img_1b-8.jpg?resize=300%2C400&#038;ssl=1\" data-object-fit=\"cover\" srcset=\"https:\/\/i0.wp.com\/togiya.jp\/wp-content\/uploads\/2020\/11\/img_1b-8.jpg?w=300&amp;ssl=1 300w, https:\/\/i0.wp.com\/togiya.jp\/wp-content\/uploads\/2020\/11\/img_1b-8.jpg?resize=225%2C300&amp;ssl=1 225w\" sizes=\"auto, (max-width: 300px) 100vw, 300px\" \/><div class=\"wp-block-cover__inner-container is-layout-flow wp-block-cover-is-layout-flow\">\n<h2 class=\"wp-block-heading\">Maestro Tomoo Yasuda<\/h2>\n<\/div><\/div>\n\n<blockquote class=\"wp-block-quote is-layout-flow wp-block-quote-is-layout-flow\"><p>di Tomoo Yasuda, l&#8217;artigiano che realizza la serie Maximum.<\/p><cite>Conoscenza approfondita del materiale delle forbici, affilatura che pu\u00f2 rispondere a una variet\u00e0 di clienti di taglio. \u00c8 sostenuto da un sacco di parrucchieri, forbici che ha prodotto, c&#8217;\u00e8 stata una presenza carismatica di forbici artigianali. <\/cite><\/blockquote>\n\n<hr class=\"wp-block-separator\"\/>\n\n<div class=\"wp-block-media-text alignwide is-stacked-on-mobile\"><figure class=\"wp-block-media-text__media\"><a href=\"https:\/\/togiya.jp\/mkcl\/\"><img data-recalc-dims=\"1\" loading=\"lazy\" decoding=\"async\" width=\"515\" height=\"420\" src=\"https:\/\/i0.wp.com\/togiya.jp\/wp-content\/uploads\/2020\/11\/img_1-10.jpg?resize=515%2C420&#038;ssl=1\" alt=\"\" class=\"wp-image-765 size-full\" srcset=\"https:\/\/i0.wp.com\/togiya.jp\/wp-content\/uploads\/2020\/11\/img_1-10.jpg?w=515&amp;ssl=1 515w, https:\/\/i0.wp.com\/togiya.jp\/wp-content\/uploads\/2020\/11\/img_1-10.jpg?resize=300%2C245&amp;ssl=1 300w\" sizes=\"auto, (max-width: 515px) 100vw, 515px\" \/><\/a><\/figure><div class=\"wp-block-media-text__content\">\n<h4 class=\"wp-block-heading\">MKC-55Lefty MKC-60Lefty MKC-70Lefty<\/h4>\n<\/div><\/div>\n\n<hr class=\"wp-block-separator\"\/>\n\n<div class=\"wp-block-media-text alignwide has-media-on-the-right is-stacked-on-mobile\"><figure class=\"wp-block-media-text__media\"><a href=\"https:\/\/togiya.jp\/mksl\/\"><img data-recalc-dims=\"1\" loading=\"lazy\" decoding=\"async\" width=\"521\" height=\"420\" src=\"https:\/\/i0.wp.com\/togiya.jp\/wp-content\/uploads\/2020\/11\/img_2-1.png?resize=521%2C420&#038;ssl=1\" alt=\"\" class=\"wp-image-766 size-full\" srcset=\"https:\/\/i0.wp.com\/togiya.jp\/wp-content\/uploads\/2020\/11\/img_2-1.png?w=521&amp;ssl=1 521w, https:\/\/i0.wp.com\/togiya.jp\/wp-content\/uploads\/2020\/11\/img_2-1.png?resize=300%2C242&amp;ssl=1 300w\" sizes=\"auto, (max-width: 521px) 100vw, 521px\" \/><\/a><\/figure><div class=\"wp-block-media-text__content\">\n<h4 class=\"wp-block-heading\">MKS-55Lefty<\/h4>\n<\/div><\/div>\n\n<hr class=\"wp-block-separator\"\/>\n\n<div class=\"wp-block-media-text alignwide is-stacked-on-mobile\"><figure class=\"wp-block-media-text__media\"><a href=\"https:\/\/togiya.jp\/dcol\/\"><img data-recalc-dims=\"1\" loading=\"lazy\" decoding=\"async\" width=\"650\" height=\"407\" src=\"https:\/\/i0.wp.com\/togiya.jp\/wp-content\/uploads\/2020\/11\/img_3-8.jpg?resize=650%2C407&#038;ssl=1\" alt=\"\" class=\"wp-image-767 size-full\" srcset=\"https:\/\/i0.wp.com\/togiya.jp\/wp-content\/uploads\/2020\/11\/img_3-8.jpg?w=650&amp;ssl=1 650w, https:\/\/i0.wp.com\/togiya.jp\/wp-content\/uploads\/2020\/11\/img_3-8.jpg?resize=300%2C188&amp;ssl=1 300w\" sizes=\"auto, (max-width: 650px) 100vw, 650px\" \/><\/a><\/figure><div class=\"wp-block-media-text__content\">\n<h4 class=\"wp-block-heading\">DCO-50Lefty DCO-55Lefty DCO-60Lefty<\/h4>\n<\/div><\/div>\n\n<hr class=\"wp-block-separator\"\/>\n\n<div class=\"wp-block-media-text alignwide has-media-on-the-right is-stacked-on-mobile\"><figure class=\"wp-block-media-text__media\"><a href=\"https:\/\/togiya.jp\/hspl\/\"><img data-recalc-dims=\"1\" loading=\"lazy\" decoding=\"async\" width=\"632\" height=\"420\" src=\"https:\/\/i0.wp.com\/togiya.jp\/wp-content\/uploads\/2020\/11\/img_4-8.jpg?resize=632%2C420&#038;ssl=1\" alt=\"\" class=\"wp-image-768 size-full\" srcset=\"https:\/\/i0.wp.com\/togiya.jp\/wp-content\/uploads\/2020\/11\/img_4-8.jpg?w=632&amp;ssl=1 632w, https:\/\/i0.wp.com\/togiya.jp\/wp-content\/uploads\/2020\/11\/img_4-8.jpg?resize=300%2C199&amp;ssl=1 300w\" sizes=\"auto, (max-width: 632px) 100vw, 632px\" \/><\/a><\/figure><div class=\"wp-block-media-text__content\">\n<h4 class=\"wp-block-heading\">HSP-53Lefty HSP-55Lefty HSP-58Lefty<\/h4>\n<\/div><\/div>\n\n<hr class=\"wp-block-separator\"\/>\n\n<div class=\"wp-block-media-text alignwide is-stacked-on-mobile\"><figure class=\"wp-block-media-text__media\"><a href=\"https:\/\/togiya.jp\/abrl\/\"><img data-recalc-dims=\"1\" loading=\"lazy\" decoding=\"async\" width=\"800\" height=\"550\" src=\"https:\/\/i0.wp.com\/togiya.jp\/wp-content\/uploads\/2020\/11\/img_5-9.jpg?resize=800%2C550&#038;ssl=1\" alt=\"\" class=\"wp-image-769 size-full\" srcset=\"https:\/\/i0.wp.com\/togiya.jp\/wp-content\/uploads\/2020\/11\/img_5-9.jpg?w=800&amp;ssl=1 800w, https:\/\/i0.wp.com\/togiya.jp\/wp-content\/uploads\/2020\/11\/img_5-9.jpg?resize=300%2C206&amp;ssl=1 300w, https:\/\/i0.wp.com\/togiya.jp\/wp-content\/uploads\/2020\/11\/img_5-9.jpg?resize=768%2C528&amp;ssl=1 768w\" sizes=\"auto, (max-width: 800px) 100vw, 800px\" \/><\/a><\/figure><div class=\"wp-block-media-text__content\">\n<h4 class=\"wp-block-heading\">ABR-30Lefty<\/h4>\n<\/div><\/div>\n\n<hr class=\"wp-block-separator\"\/>\n\n<div class=\"wp-block-media-text alignwide has-media-on-the-right is-stacked-on-mobile\"><figure class=\"wp-block-media-text__media\"><img data-recalc-dims=\"1\" loading=\"lazy\" decoding=\"async\" width=\"650\" height=\"344\" src=\"https:\/\/i0.wp.com\/togiya.jp\/wp-content\/uploads\/2020\/11\/img_6-6.jpg?resize=650%2C344&#038;ssl=1\" alt=\"\" class=\"wp-image-770 size-full\" srcset=\"https:\/\/i0.wp.com\/togiya.jp\/wp-content\/uploads\/2020\/11\/img_6-6.jpg?w=650&amp;ssl=1 650w, https:\/\/i0.wp.com\/togiya.jp\/wp-content\/uploads\/2020\/11\/img_6-6.jpg?resize=300%2C159&amp;ssl=1 300w\" sizes=\"auto, (max-width: 650px) 100vw, 650px\" \/><\/figure><div class=\"wp-block-media-text__content\">\n<h4 class=\"wp-block-heading\">Aria-G30Lefty<\/h4>\n<\/div><\/div>\n\n<p><\/p>\n","protected":false},"excerpt":{"rendered":"<p>di Tomoo Yasuda, l&#8217;artigiano che realizza la serie Maximum. Conoscenza approfondita del materiale delle forbici, affilatura che pu\u00f2 rispondere a una variet\u00e0 di clienti di taglio. \u00c8 sostenuto da un sacco di parrucchieri, forbici che ha prodotto, c&#8217;\u00e8 stata una presenza carismatica di forbici artigianali. MKC-55Lefty MKC-60Lefty MKC-70Lefty MKS-55Lefty DCO-50Lefty DCO-55Lefty DCO-60Lefty HSP-53Lefty HSP-55Lefty HSP-58Lefty&hellip; <a href=\"https:\/\/togiya.jp\/it\/lefty-hand-serie\/\" class=\"more-link\">Continua a leggere <span class=\"screen-reader-text\">Lefty Hand serie<\/span><\/a><\/p>\n","protected":false},"author":184644402,"featured_media":4500,"parent":0,"menu_order":0,"comment_status":"closed","ping_status":"closed","template":"","meta":{"footnotes":""},"tags":[],"class_list":["post-7159","page","type-page","status-publish","has-post-thumbnail","hentry","without-featured-image"],"jetpack_likes_enabled":true,"jetpack_sharing_enabled":true,"jetpack_shortlink":"https:\/\/wp.me\/PbVGXo-1Rt","_links":{"self":[{"href":"https:\/\/togiya.jp\/it\/wp-json\/wp\/v2\/pages\/7159","targetHints":{"allow":["GET"]}}],"collection":[{"href":"https:\/\/togiya.jp\/it\/wp-json\/wp\/v2\/pages"}],"about":[{"href":"https:\/\/togiya.jp\/it\/wp-json\/wp\/v2\/types\/page"}],"author":[{"embeddable":true,"href":"https:\/\/togiya.jp\/it\/wp-json\/wp\/v2\/users\/184644402"}],"replies":[{"embeddable":true,"href":"https:\/\/togiya.jp\/it\/wp-json\/wp\/v2\/comments?post=7159"}],"version-history":[{"count":1,"href":"https:\/\/togiya.jp\/it\/wp-json\/wp\/v2\/pages\/7159\/revisions"}],"predecessor-version":[{"id":7175,"href":"https:\/\/togiya.jp\/it\/wp-json\/wp\/v2\/pages\/7159\/revisions\/7175"}],"wp:featuredmedia":[{"embeddable":true,"href":"https:\/\/togiya.jp\/it\/wp-json\/wp\/v2\/media\/4500"}],"wp:attachment":[{"href":"https:\/\/togiya.jp\/it\/wp-json\/wp\/v2\/media?parent=7159"}],"wp:term":[{"taxonomy":"post_tag","embeddable":true,"href":"https:\/\/togiya.jp\/it\/wp-json\/wp\/v2\/tags?post=7159"}],"curies":[{"name":"wp","href":"https:\/\/api.w.org\/{rel}","templated":true}]}}