{"id":7688,"date":"2020-04-23T22:42:53","date_gmt":"2020-04-23T13:42:53","guid":{"rendered":"https:\/\/togiya.jp\/kicho-serie\/"},"modified":"2023-06-15T17:59:59","modified_gmt":"2023-06-15T08:59:59","slug":"kicho-serie","status":"publish","type":"page","link":"https:\/\/togiya.jp\/it\/kicho-serie\/","title":{"rendered":"Kicho Serie"},"content":{"rendered":"\n<div class=\"wp-block-cover has-background-dim\"><img data-recalc-dims=\"1\" loading=\"lazy\" decoding=\"async\" width=\"300\" height=\"400\" class=\"wp-block-cover__image-background wp-image-759\" alt=\"\" src=\"https:\/\/i0.wp.com\/togiya.jp\/wp-content\/uploads\/2020\/11\/img_1b-6.jpg?resize=300%2C400&#038;ssl=1\" data-object-fit=\"cover\" srcset=\"https:\/\/i0.wp.com\/togiya.jp\/wp-content\/uploads\/2020\/11\/img_1b-6.jpg?w=300&amp;ssl=1 300w, https:\/\/i0.wp.com\/togiya.jp\/wp-content\/uploads\/2020\/11\/img_1b-6.jpg?resize=225%2C300&amp;ssl=1 225w\" sizes=\"auto, (max-width: 300px) 100vw, 300px\" \/><div class=\"wp-block-cover__inner-container is-layout-flow wp-block-cover-is-layout-flow\">\n<h2 class=\"wp-block-heading\">Maestro Makoto Takahashi<\/h2>\n<\/div><\/div>\n\n<blockquote class=\"wp-block-quote is-layout-flow wp-block-quote-is-layout-flow\"><p>di Makoto Takahashi, l&#8217;artigiano che ha realizzato la serie Talent.<\/p><cite>Carriera pi\u00f9 di 40 anni, aveva costruito un paio di forbici dalle basi delle forbici TOGIYA. E conosce tutte le forbici, ora \u00e8 diventato un professionista della finitura delle forbici pi\u00f9 belle del Giappone, \u00e8 anche in grado di crescere un successore. \u00c8 un &#8220;Dio&#8221; dell&#8217;industria delle forbici giapponesi, le persone sono chiamate &#8220;Mano di Dio&#8221; per le sue capacit\u00e0. Una volta che gli acconciatori hanno usato un paio di forbici della sua finitura, non possono usare le altre forbici.   <\/cite><\/blockquote>\n\n<hr class=\"wp-block-separator\"\/>\n\n<div class=\"wp-block-media-text alignwide is-stacked-on-mobile\"><figure class=\"wp-block-media-text__media\"><a href=\"https:\/\/togiya.jp\/ksc\/\"><img data-recalc-dims=\"1\" loading=\"lazy\" decoding=\"async\" width=\"782\" height=\"420\" src=\"https:\/\/i0.wp.com\/togiya.jp\/wp-content\/uploads\/2020\/11\/img_1.png?resize=782%2C420&#038;ssl=1\" alt=\"\" class=\"wp-image-760 size-full\" srcset=\"https:\/\/i0.wp.com\/togiya.jp\/wp-content\/uploads\/2020\/11\/img_1.png?w=782&amp;ssl=1 782w, https:\/\/i0.wp.com\/togiya.jp\/wp-content\/uploads\/2020\/11\/img_1.png?resize=300%2C161&amp;ssl=1 300w, https:\/\/i0.wp.com\/togiya.jp\/wp-content\/uploads\/2020\/11\/img_1.png?resize=768%2C412&amp;ssl=1 768w\" sizes=\"auto, (max-width: 782px) 100vw, 782px\" \/><\/a><\/figure><div class=\"wp-block-media-text__content\">\n<h4 class=\"wp-block-heading\">KSC-50 KSC-55 KSC-60 KSC-65 KSC-70<\/h4>\n<\/div><\/div>\n","protected":false},"excerpt":{"rendered":"<p>di Makoto Takahashi, l&#8217;artigiano che ha realizzato la serie Talent. Carriera pi\u00f9 di 40 anni, aveva costruito un paio di forbici dalle basi delle forbici TOGIYA. E conosce tutte le forbici, ora \u00e8 diventato un professionista della finitura delle forbici pi\u00f9 belle del Giappone, \u00e8 anche in grado di crescere un successore. \u00c8 un &#8220;Dio&#8221;&hellip; <a href=\"https:\/\/togiya.jp\/it\/kicho-serie\/\" class=\"more-link\">Continua a leggere <span class=\"screen-reader-text\">Kicho Serie<\/span><\/a><\/p>\n","protected":false},"author":184644402,"featured_media":4498,"parent":0,"menu_order":0,"comment_status":"closed","ping_status":"closed","template":"","meta":{"footnotes":""},"tags":[],"class_list":["post-7688","page","type-page","status-publish","has-post-thumbnail","hentry","without-featured-image"],"jetpack_likes_enabled":true,"jetpack_sharing_enabled":true,"jetpack_shortlink":"https:\/\/wp.me\/PbVGXo-200","_links":{"self":[{"href":"https:\/\/togiya.jp\/it\/wp-json\/wp\/v2\/pages\/7688","targetHints":{"allow":["GET"]}}],"collection":[{"href":"https:\/\/togiya.jp\/it\/wp-json\/wp\/v2\/pages"}],"about":[{"href":"https:\/\/togiya.jp\/it\/wp-json\/wp\/v2\/types\/page"}],"author":[{"embeddable":true,"href":"https:\/\/togiya.jp\/it\/wp-json\/wp\/v2\/users\/184644402"}],"replies":[{"embeddable":true,"href":"https:\/\/togiya.jp\/it\/wp-json\/wp\/v2\/comments?post=7688"}],"version-history":[{"count":1,"href":"https:\/\/togiya.jp\/it\/wp-json\/wp\/v2\/pages\/7688\/revisions"}],"predecessor-version":[{"id":7704,"href":"https:\/\/togiya.jp\/it\/wp-json\/wp\/v2\/pages\/7688\/revisions\/7704"}],"wp:featuredmedia":[{"embeddable":true,"href":"https:\/\/togiya.jp\/it\/wp-json\/wp\/v2\/media\/4498"}],"wp:attachment":[{"href":"https:\/\/togiya.jp\/it\/wp-json\/wp\/v2\/media?parent=7688"}],"wp:term":[{"taxonomy":"post_tag","embeddable":true,"href":"https:\/\/togiya.jp\/it\/wp-json\/wp\/v2\/tags?post=7688"}],"curies":[{"name":"wp","href":"https:\/\/api.w.org\/{rel}","templated":true}]}}